{"id":33,"date":"2022-02-25T09:16:43","date_gmt":"2022-02-25T09:16:43","guid":{"rendered":"https:\/\/uus.talli24.fi?page_id=33"},"modified":"2023-07-10T19:49:55","modified_gmt":"2023-07-10T16:49:55","slug":"meist","status":"publish","type":"page","link":"https:\/\/talli24.fi\/et\/meist\/","title":{"rendered":"Meist"},"content":{"rendered":"<div id=\"acf-block_6d9301fff4d8d27c59863e123f7eb60c\" class=\"acf-block-element element-hero alignfull position-relative overflow-hidden\" data-opacity=\"50\"><div class=\"element-bg\"><video autoplay muted playsinline loop><source src=\"https:\/\/talli24.fi\/wp-content\/uploads\/2022\/05\/Premium_Garage_kodulehe_klipp_13sek_final-1.mp4\" type=\"video\/mp4\"><\/video><\/div><div class=\"container\"><div class=\"row align-items-center position-relative h-100\"><div class=\"col-12\">\n<h1 style=\"font-weight:400;\" class=\"wp-block-post-title has-giant-font-size\">Meist<\/h1>\n\n\n<p class=\"has-semilarge-font-size wp-el\">Meie p\u00f5hitegevuseks on teras garaa\u017eide tootmine. Oleme arendanud v\u00e4lja erinevad garaa\u017eide ja abihoonete mudelid, et pakkuda ka k\u00f5ige erilisemate soovidega kliendile parimat lahendust. <\/p>\n\n\n\n<p class=\"has-semilarge-font-size wp-el\">Meie missioon on pakkuda laialdast abihoonete valikut, see juures j\u00e4\u00e4des kindlaks kaunile visuaalile ja kvaliteedile. Meie visioon on luua v\u00f5imalikult kiireks ja murevabaks abihoone ehitus. Meie v\u00e4\u00e4rtustame kliendi suhtlust. Teeme kindlaks, millised on kliendi vajadused ja pakume kliendile personaalset lahendust.<\/p>\n\n\n\n<p class=\"wp-el\"><\/p>\n\n\n\n<p class=\"wp-el\"><\/p>\n\n\n\n<p class=\"wp-el\"><\/p>\n\n\n\n<div class=\"wp-block-button is-style-fill\"><a class=\"wp-block-button__link wp-element-button\" href=\"#vota-uhendust\">V\u00f5ta \u00fchendust<\/a><\/div>\n\n<\/div><\/div><\/div><\/div>\n\n\n<div class=\"wp-block-columns is-layout-flex wp-container-core-columns-is-layout-28f84493 wp-block-columns-is-layout-flex\">\n<div class=\"wp-block-column is-layout-flow wp-block-column-is-layout-flow\"><\/div>\n\n\n\n<div class=\"wp-block-column is-layout-flow wp-block-column-is-layout-flow\"><\/div>\n\n\n\n<div class=\"wp-block-column is-layout-flow wp-block-column-is-layout-flow\"><\/div>\n<\/div>\n\n\n\n<p class=\"wp-el\"><\/p>\n","protected":false},"excerpt":{"rendered":"","protected":false},"author":1,"featured_media":0,"parent":0,"menu_order":30,"comment_status":"closed","ping_status":"closed","template":"","meta":{"_acf_changed":false,"inline_featured_image":false,"footnotes":""},"class_list":["post-33","page","type-page","status-publish","hentry"],"acf":[],"_links":{"self":[{"href":"https:\/\/talli24.fi\/et\/wp-json\/wp\/v2\/pages\/33","targetHints":{"allow":["GET"]}}],"collection":[{"href":"https:\/\/talli24.fi\/et\/wp-json\/wp\/v2\/pages"}],"about":[{"href":"https:\/\/talli24.fi\/et\/wp-json\/wp\/v2\/types\/page"}],"author":[{"embeddable":true,"href":"https:\/\/talli24.fi\/et\/wp-json\/wp\/v2\/users\/1"}],"replies":[{"embeddable":true,"href":"https:\/\/talli24.fi\/et\/wp-json\/wp\/v2\/comments?post=33"}],"version-history":[{"count":18,"href":"https:\/\/talli24.fi\/et\/wp-json\/wp\/v2\/pages\/33\/revisions"}],"predecessor-version":[{"id":1949,"href":"https:\/\/talli24.fi\/et\/wp-json\/wp\/v2\/pages\/33\/revisions\/1949"}],"wp:attachment":[{"href":"https:\/\/talli24.fi\/et\/wp-json\/wp\/v2\/media?parent=33"}],"curies":[{"name":"wp","href":"https:\/\/api.w.org\/{rel}","templated":true}]}}