{"id":704,"date":"2022-04-11T07:29:59","date_gmt":"2022-04-11T07:29:59","guid":{"rendered":"https:\/\/uus.talli24.fi\/?page_id=704"},"modified":"2022-12-02T13:40:46","modified_gmt":"2022-12-02T11:40:46","slug":"mini-angaar","status":"publish","type":"page","link":"https:\/\/talli24.fi\/et\/mini-angaar\/","title":{"rendered":"Mini angaarid"},"content":{"rendered":"<div id=\"acf-block_624c58a55586a\" class=\"acf-block-element element-hero alignfull position-relative overflow-hidden is-first-element\" data-opacity=\"50\"><div class=\"element-bg\"><video autoplay muted playsinline loop><source src=\"https:\/\/talli24.fi\/wp-content\/uploads\/2022\/04\/Premium_Garage_kodulehe_klipp_13sek_final.mp4\" type=\"video\/mp4\"><\/video><\/div><div class=\"container\"><div class=\"row align-items-center position-relative h-100\"><div class=\"col-12 col-md-6\">\n\n<h1 class=\"wp-el wp-block-heading\">Mini angaarid<\/h1>\n\n\n\n<p class=\"has-semilarge-font-size wp-el\">Mini angaarid sobivad ideaalselt aia- ja p\u00f5llutehnika hoiustamiseks. <\/p>\n\n\n\n<p class=\"has-semilarge-font-size wp-el\">Lame- v\u00f5i viilkatusega, v\u00e4iksema v\u00f5i suurema tehnika jaoks. <\/p>\n\n\n\n<p class=\"has-semilarge-font-size wp-el\">Toodame Sinu vajaduste j\u00e4rgi!<\/p>\n\n\n\n<p class=\"has-semigiant-font-size wp-el\"><span style=\"color:var(--primary-color)\" class=\"tadv-color\">Hind alates 5500 \u20ac<\/span><\/p>\n\n\n\n<p class=\"wp-el\"><\/p>\n\n\n\n<div class=\"wp-block-button is-style-fill\"><a class=\"wp-block-button__link wp-element-button\" href=\"#vota-uhendust\">V\u00f5ta \u00fchendust<\/a><\/div>\n\n<\/div><div class=\"col-12 col-md-6\"><div class=\"swiper-outer\"><div id=\"hero1\" class=\"swiper\"><div class=\"swiper-wrapper\"><div class=\"swiper-slide\"><a href=\"https:\/\/talli24.fi\/wp-content\/uploads\/2022\/04\/00001-1-1200x900.jpg\" data-fancybox=\"acf-block_624c58a55586a\"><img loading=\"lazy\" decoding=\"async\" width=\"420\" height=\"420\" src=\"https:\/\/talli24.fi\/wp-content\/uploads\/fly-images\/985\/00001-1-420x420-c.jpg\" class=\"attachment-img-420\" alt=\"00001\" \/><\/a><\/div><div class=\"swiper-slide\"><a href=\"https:\/\/talli24.fi\/wp-content\/uploads\/2022\/11\/55939404_2227227827369605_8377125203070681088_n.jpg\" data-fancybox=\"acf-block_624c58a55586a\"><img loading=\"lazy\" decoding=\"async\" width=\"420\" height=\"420\" src=\"https:\/\/talli24.fi\/wp-content\/uploads\/fly-images\/1158\/55939404_2227227827369605_8377125203070681088_n-420x420-c.jpg\" class=\"attachment-img-420\" alt=\"55939404_2227227827369605_8377125203070681088_n\" \/><\/a><\/div><div class=\"swiper-slide\"><a href=\"https:\/\/talli24.fi\/wp-content\/uploads\/2022\/11\/119587371_3398585306900512_553023331221130061_n-1200x900.jpg\" data-fancybox=\"acf-block_624c58a55586a\"><img loading=\"lazy\" decoding=\"async\" width=\"420\" height=\"420\" src=\"https:\/\/talli24.fi\/wp-content\/uploads\/fly-images\/1160\/119587371_3398585306900512_553023331221130061_n-420x420-c.jpg\" class=\"attachment-img-420\" alt=\"119587371_3398585306900512_553023331221130061_n\" \/><\/a><\/div><div class=\"swiper-slide\"><a href=\"https:\/\/talli24.fi\/wp-content\/uploads\/2022\/11\/IMG-20220815-WA0002.jpg\" data-fancybox=\"acf-block_624c58a55586a\"><img loading=\"lazy\" decoding=\"async\" width=\"420\" height=\"420\" src=\"https:\/\/talli24.fi\/wp-content\/uploads\/fly-images\/1154\/IMG-20220815-WA0002-420x420-c.jpg\" class=\"attachment-img-420\" alt=\"IMG-20220815-WA0002\" \/><\/a><\/div><div class=\"swiper-slide\"><a href=\"https:\/\/talli24.fi\/wp-content\/uploads\/2022\/11\/120809768_3454766997949009_8686811167558399285_n-1200x675.jpg\" data-fancybox=\"acf-block_624c58a55586a\"><img loading=\"lazy\" decoding=\"async\" width=\"420\" height=\"420\" src=\"https:\/\/talli24.fi\/wp-content\/uploads\/fly-images\/1165\/120809768_3454766997949009_8686811167558399285_n-420x420-c.jpg\" class=\"attachment-img-420\" alt=\"120809768_3454766997949009_8686811167558399285_n\" \/><\/a><\/div><div class=\"swiper-slide\"><a href=\"https:\/\/talli24.fi\/wp-content\/uploads\/2022\/11\/50154983_2116440615114994_6790189715535429632_n.jpg\" data-fancybox=\"acf-block_624c58a55586a\"><img loading=\"lazy\" decoding=\"async\" width=\"420\" height=\"420\" src=\"https:\/\/talli24.fi\/wp-content\/uploads\/fly-images\/1156\/50154983_2116440615114994_6790189715535429632_n-420x420-c.jpg\" class=\"attachment-img-420\" alt=\"50154983_2116440615114994_6790189715535429632_n\" \/><\/a><\/div><div class=\"swiper-slide\"><a href=\"https:\/\/talli24.fi\/wp-content\/uploads\/2022\/11\/99284441_3072222576203455_7576997792535543808_n-1200x899.jpg\" data-fancybox=\"acf-block_624c58a55586a\"><img loading=\"lazy\" decoding=\"async\" width=\"420\" height=\"420\" src=\"https:\/\/talli24.fi\/wp-content\/uploads\/fly-images\/1152\/99284441_3072222576203455_7576997792535543808_n-420x420-c.jpg\" class=\"attachment-img-420\" alt=\"99284441_3072222576203455_7576997792535543808_n\" \/><\/a><\/div><\/div><\/div><div id=\"hero1p\" class=\"swiper-button-prev\"><svg xmlns=\"http:\/\/www.w3.org\/2000\/svg\" width=\"22\" height=\"15.998\" viewBox=\"0 0 22 15.998\"><path d=\"M647.185,5080.233a.76.76,0,0,1,1.109,0,.829.829,0,0,1,0,1.135l-5.622,5.815h18.551a.785.785,0,0,1,.776.8.794.794,0,0,1-.776.814H642.672l5.622,5.8a.844.844,0,0,1,0,1.147.76.76,0,0,1-1.109,0l-6.953-7.191a.808.808,0,0,1,0-1.135Z\" transform=\"translate(-640 -5079.993)\" fill=\"var(--primary-color)\"\/><\/svg><\/div><div id=\"hero1n\" class=\"swiper-button-next\"><svg xmlns=\"http:\/\/www.w3.org\/2000\/svg\" width=\"22\" height=\"15.998\" viewBox=\"0 0 22 15.998\"><path d=\"M654.814,5080.233a.76.76,0,0,0-1.109,0,.829.829,0,0,0,0,1.135l5.622,5.815H640.776a.785.785,0,0,0-.776.8.794.794,0,0,0,.776.814h18.551l-5.622,5.8a.844.844,0,0,0,0,1.147.76.76,0,0,0,1.109,0l6.953-7.191a.808.808,0,0,0,0-1.135Z\" transform=\"translate(-640 -5079.993)\" fill=\"var(--primary-color)\"\/><\/svg><\/div><\/div><\/div><\/div><\/div><\/div>\n\n\n<h2 class=\"wp-el wp-block-heading\">MINI ANGAARID<\/h2>\n\n\n\n<p class=\"has-semilarge-font-size wp-el\">Mini angaarid on v\u00e4ga vastupidavad ja laialdase kasutusv\u00f5imalustega ehitised. <\/p>\n\n\n\n<p class=\"has-semilarge-font-size wp-el\">Toodame erinevates suurustes ja disainides, vastavalt Sinu vajadustele.<\/p>\n\n\n\n<p class=\"has-semilarge-font-size wp-el\">Miniangaaride hinnad kujunevad konsturktsiooni t\u00fc\u00fcbist, suurusest, lisadest, asukohast ja paigaldusest. <\/p>\n\n\n\n<p class=\"has-semilarge-font-size wp-el\">Selleks, et hoone t\u00e4idaks p\u00fcstitatud eesm\u00e4rki, v\u00f5ta meiega \u00fchendust ja leiame just Sulle sobiva lahenduse!<\/p>\n\n\n\n<p class=\"wp-el\"><\/p>\n\n\n\n<div class=\"wp-block-button is-style-secondary-outline\"><a class=\"wp-block-button__link wp-element-button\" href=\"#vota-uhendust\">V\u00f5ta \u00fchendust konsultandiga<\/a><\/div>\n\n\n\n<h2 class=\"is-style-has-lines wp-el wp-block-heading\">Mini angaari n\u00e4idis mudelid<\/h2>\n\n\n<div id=\"acf-block_625ff0479c067\" class=\"acf-block-element element-garages overflow-hidden\"><div class=\"row row-grid\"><div class=\"col-12 col-sm-6 col-md-4\"><div id=\"post-842\" class=\"garage-item position-relative h-100\"><div class=\"swiper-outer\"><div id=\"garage-gallery2\" class=\"swiper\"><div class=\"swiper-wrapper\"><div class=\"swiper-slide\"><a href=\"https:\/\/talli24.fi\/wp-content\/uploads\/2022\/04\/00001.jpg\" data-fancybox=\"842\"><img loading=\"lazy\" decoding=\"async\" width=\"340\" height=\"240\" src=\"https:\/\/talli24.fi\/wp-content\/uploads\/2022\/04\/00001-340x240.jpg\" class=\"attachment-thumbnail size-thumbnail\" alt=\"\" \/><\/a><\/div><\/div><\/div><div id=\"garage-gallery2p\" class=\"swiper-button-prev\"><svg xmlns=\"http:\/\/www.w3.org\/2000\/svg\" width=\"22\" height=\"15.998\" viewBox=\"0 0 22 15.998\"><path d=\"M647.185,5080.233a.76.76,0,0,1,1.109,0,.829.829,0,0,1,0,1.135l-5.622,5.815h18.551a.785.785,0,0,1,.776.8.794.794,0,0,1-.776.814H642.672l5.622,5.8a.844.844,0,0,1,0,1.147.76.76,0,0,1-1.109,0l-6.953-7.191a.808.808,0,0,1,0-1.135Z\" transform=\"translate(-640 -5079.993)\" fill=\"var(--primary-color)\"\/><\/svg><\/div><div id=\"garage-gallery2n\" class=\"swiper-button-next\"><svg xmlns=\"http:\/\/www.w3.org\/2000\/svg\" width=\"22\" height=\"15.998\" viewBox=\"0 0 22 15.998\"><path d=\"M654.814,5080.233a.76.76,0,0,0-1.109,0,.829.829,0,0,0,0,1.135l5.622,5.815H640.776a.785.785,0,0,0-.776.8.794.794,0,0,0,.776.814h18.551l-5.622,5.8a.844.844,0,0,0,0,1.147.76.76,0,0,0,1.109,0l6.953-7.191a.808.808,0,0,0,0-1.135Z\" transform=\"translate(-640 -5079.993)\" fill=\"var(--primary-color)\"\/><\/svg><\/div><\/div><p class=\"font-weight-semibold has-medium-font-size has-theme-primary-color\">Mini angaar v1<\/p><div class=\"garage-item__data\"><div class=\"d-flex flex-wrap\"><p><span class=\"d-block\">Angaari suurus<\/span>4000mm x 5000mm<\/p><\/div><\/div><\/div><\/div><div class=\"col-12 col-sm-6 col-md-4\"><div id=\"post-1175\" class=\"garage-item position-relative h-100\"><div class=\"swiper-outer\"><div id=\"garage-gallery3\" class=\"swiper\"><div class=\"swiper-wrapper\"><div class=\"swiper-slide\"><a href=\"https:\/\/talli24.fi\/wp-content\/uploads\/2022\/11\/50154983_2116440615114994_6790189715535429632_n.jpg\" data-fancybox=\"1175\"><img loading=\"lazy\" decoding=\"async\" width=\"340\" height=\"240\" src=\"https:\/\/talli24.fi\/wp-content\/uploads\/2022\/11\/50154983_2116440615114994_6790189715535429632_n-340x240.jpg\" class=\"attachment-thumbnail size-thumbnail\" alt=\"\" \/><\/a><\/div><\/div><\/div><div id=\"garage-gallery3p\" class=\"swiper-button-prev\"><svg xmlns=\"http:\/\/www.w3.org\/2000\/svg\" width=\"22\" height=\"15.998\" viewBox=\"0 0 22 15.998\"><path d=\"M647.185,5080.233a.76.76,0,0,1,1.109,0,.829.829,0,0,1,0,1.135l-5.622,5.815h18.551a.785.785,0,0,1,.776.8.794.794,0,0,1-.776.814H642.672l5.622,5.8a.844.844,0,0,1,0,1.147.76.76,0,0,1-1.109,0l-6.953-7.191a.808.808,0,0,1,0-1.135Z\" transform=\"translate(-640 -5079.993)\" fill=\"var(--primary-color)\"\/><\/svg><\/div><div id=\"garage-gallery3n\" class=\"swiper-button-next\"><svg xmlns=\"http:\/\/www.w3.org\/2000\/svg\" width=\"22\" height=\"15.998\" viewBox=\"0 0 22 15.998\"><path d=\"M654.814,5080.233a.76.76,0,0,0-1.109,0,.829.829,0,0,0,0,1.135l5.622,5.815H640.776a.785.785,0,0,0-.776.8.794.794,0,0,0,.776.814h18.551l-5.622,5.8a.844.844,0,0,0,0,1.147.76.76,0,0,0,1.109,0l6.953-7.191a.808.808,0,0,0,0-1.135Z\" transform=\"translate(-640 -5079.993)\" fill=\"var(--primary-color)\"\/><\/svg><\/div><\/div><p class=\"font-weight-semibold has-medium-font-size has-theme-primary-color\">Mini angaar v2<\/p><div class=\"garage-item__data\"><div class=\"d-flex flex-wrap\"><p><span class=\"d-block\">Angaari suurus<\/span>6000mm x 9000mm<\/p><\/div><\/div><\/div><\/div><div class=\"col-12 col-sm-6 col-md-4\"><div id=\"post-1178\" class=\"garage-item position-relative h-100\"><div class=\"swiper-outer\"><div id=\"garage-gallery4\" class=\"swiper\"><div class=\"swiper-wrapper\"><div class=\"swiper-slide\"><a href=\"https:\/\/talli24.fi\/wp-content\/uploads\/2022\/11\/55939404_2227227827369605_8377125203070681088_n.jpg\" data-fancybox=\"1178\"><img loading=\"lazy\" decoding=\"async\" width=\"340\" height=\"240\" src=\"https:\/\/talli24.fi\/wp-content\/uploads\/2022\/11\/55939404_2227227827369605_8377125203070681088_n-340x240.jpg\" class=\"attachment-thumbnail size-thumbnail\" alt=\"\" \/><\/a><\/div><\/div><\/div><div id=\"garage-gallery4p\" class=\"swiper-button-prev\"><svg xmlns=\"http:\/\/www.w3.org\/2000\/svg\" width=\"22\" height=\"15.998\" viewBox=\"0 0 22 15.998\"><path d=\"M647.185,5080.233a.76.76,0,0,1,1.109,0,.829.829,0,0,1,0,1.135l-5.622,5.815h18.551a.785.785,0,0,1,.776.8.794.794,0,0,1-.776.814H642.672l5.622,5.8a.844.844,0,0,1,0,1.147.76.76,0,0,1-1.109,0l-6.953-7.191a.808.808,0,0,1,0-1.135Z\" transform=\"translate(-640 -5079.993)\" fill=\"var(--primary-color)\"\/><\/svg><\/div><div id=\"garage-gallery4n\" class=\"swiper-button-next\"><svg xmlns=\"http:\/\/www.w3.org\/2000\/svg\" width=\"22\" height=\"15.998\" viewBox=\"0 0 22 15.998\"><path d=\"M654.814,5080.233a.76.76,0,0,0-1.109,0,.829.829,0,0,0,0,1.135l5.622,5.815H640.776a.785.785,0,0,0-.776.8.794.794,0,0,0,.776.814h18.551l-5.622,5.8a.844.844,0,0,0,0,1.147.76.76,0,0,0,1.109,0l6.953-7.191a.808.808,0,0,0,0-1.135Z\" transform=\"translate(-640 -5079.993)\" fill=\"var(--primary-color)\"\/><\/svg><\/div><\/div><p class=\"font-weight-semibold has-medium-font-size has-theme-primary-color\">Mini angaar v3<\/p><div class=\"garage-item__data\"><div class=\"d-flex flex-wrap\"><p><span class=\"d-block\">Angaari suurus<\/span>5000mm x 7000mm<\/p><\/div><\/div><\/div><\/div><div class=\"col-12 col-sm-6 col-md-4\"><div id=\"post-1304\" class=\"garage-item position-relative h-100\"><div class=\"swiper-outer\"><div id=\"garage-gallery5\" class=\"swiper\"><div class=\"swiper-wrapper\"><div class=\"swiper-slide\"><a href=\"https:\/\/talli24.fi\/wp-content\/uploads\/2022\/12\/IMG-20220819-WA0009.jpg\" data-fancybox=\"1304\"><img loading=\"lazy\" decoding=\"async\" width=\"340\" height=\"240\" src=\"https:\/\/talli24.fi\/wp-content\/uploads\/2022\/12\/IMG-20220819-WA0009-340x240.jpg\" class=\"attachment-thumbnail size-thumbnail\" alt=\"\" srcset=\"https:\/\/talli24.fi\/wp-content\/uploads\/2022\/12\/IMG-20220819-WA0009-340x240.jpg 340w, https:\/\/talli24.fi\/wp-content\/uploads\/2022\/12\/IMG-20220819-WA0009-1416x1000.jpg 1416w\" sizes=\"auto, (max-width: 340px) 100vw, 340px\" \/><\/a><\/div><\/div><\/div><div id=\"garage-gallery5p\" class=\"swiper-button-prev\"><svg xmlns=\"http:\/\/www.w3.org\/2000\/svg\" width=\"22\" height=\"15.998\" viewBox=\"0 0 22 15.998\"><path d=\"M647.185,5080.233a.76.76,0,0,1,1.109,0,.829.829,0,0,1,0,1.135l-5.622,5.815h18.551a.785.785,0,0,1,.776.8.794.794,0,0,1-.776.814H642.672l5.622,5.8a.844.844,0,0,1,0,1.147.76.76,0,0,1-1.109,0l-6.953-7.191a.808.808,0,0,1,0-1.135Z\" transform=\"translate(-640 -5079.993)\" fill=\"var(--primary-color)\"\/><\/svg><\/div><div id=\"garage-gallery5n\" class=\"swiper-button-next\"><svg xmlns=\"http:\/\/www.w3.org\/2000\/svg\" width=\"22\" height=\"15.998\" viewBox=\"0 0 22 15.998\"><path d=\"M654.814,5080.233a.76.76,0,0,0-1.109,0,.829.829,0,0,0,0,1.135l5.622,5.815H640.776a.785.785,0,0,0-.776.8.794.794,0,0,0,.776.814h18.551l-5.622,5.8a.844.844,0,0,0,0,1.147.76.76,0,0,0,1.109,0l6.953-7.191a.808.808,0,0,0,0-1.135Z\" transform=\"translate(-640 -5079.993)\" fill=\"var(--primary-color)\"\/><\/svg><\/div><\/div><p class=\"font-weight-semibold has-medium-font-size has-theme-primary-color\">Mini angaar v4<\/p><div class=\"garage-item__data\"><div class=\"d-flex flex-wrap\"><p><span class=\"d-block\">Angaari suurus<\/span>9000mm x 5000mm<\/p><\/div><\/div><\/div><\/div><div class=\"col-12 col-sm-6 col-md-4\"><div id=\"post-1311\" class=\"garage-item position-relative h-100\"><div class=\"swiper-outer\"><div id=\"garage-gallery6\" class=\"swiper\"><div class=\"swiper-wrapper\"><div class=\"swiper-slide\"><a href=\"https:\/\/talli24.fi\/wp-content\/uploads\/2022\/12\/IMG-20220819-WA0008.jpg\" data-fancybox=\"1311\"><img loading=\"lazy\" decoding=\"async\" width=\"340\" height=\"240\" src=\"https:\/\/talli24.fi\/wp-content\/uploads\/2022\/12\/IMG-20220819-WA0008-340x240.jpg\" class=\"attachment-thumbnail size-thumbnail\" alt=\"\" \/><\/a><\/div><\/div><\/div><div id=\"garage-gallery6p\" class=\"swiper-button-prev\"><svg xmlns=\"http:\/\/www.w3.org\/2000\/svg\" width=\"22\" height=\"15.998\" viewBox=\"0 0 22 15.998\"><path d=\"M647.185,5080.233a.76.76,0,0,1,1.109,0,.829.829,0,0,1,0,1.135l-5.622,5.815h18.551a.785.785,0,0,1,.776.8.794.794,0,0,1-.776.814H642.672l5.622,5.8a.844.844,0,0,1,0,1.147.76.76,0,0,1-1.109,0l-6.953-7.191a.808.808,0,0,1,0-1.135Z\" transform=\"translate(-640 -5079.993)\" fill=\"var(--primary-color)\"\/><\/svg><\/div><div id=\"garage-gallery6n\" class=\"swiper-button-next\"><svg xmlns=\"http:\/\/www.w3.org\/2000\/svg\" width=\"22\" height=\"15.998\" viewBox=\"0 0 22 15.998\"><path d=\"M654.814,5080.233a.76.76,0,0,0-1.109,0,.829.829,0,0,0,0,1.135l5.622,5.815H640.776a.785.785,0,0,0-.776.8.794.794,0,0,0,.776.814h18.551l-5.622,5.8a.844.844,0,0,0,0,1.147.76.76,0,0,0,1.109,0l6.953-7.191a.808.808,0,0,0,0-1.135Z\" transform=\"translate(-640 -5079.993)\" fill=\"var(--primary-color)\"\/><\/svg><\/div><\/div><p class=\"font-weight-semibold has-medium-font-size has-theme-primary-color\">Mini angaar v5<\/p><div class=\"garage-item__data\"><div class=\"d-flex flex-wrap\"><p><span class=\"d-block\">Angaari suurus<\/span>9000mm x 6000mm<\/p><\/div><\/div><\/div><\/div><div class=\"col-12 col-sm-6 col-md-4\"><div id=\"post-1312\" class=\"garage-item position-relative h-100\"><div class=\"swiper-outer\"><div id=\"garage-gallery7\" class=\"swiper\"><div class=\"swiper-wrapper\"><div class=\"swiper-slide\"><a href=\"https:\/\/talli24.fi\/wp-content\/uploads\/2022\/12\/120809768_3454766997949009_8686811167558399285_n.jpg\" data-fancybox=\"1312\"><img loading=\"lazy\" decoding=\"async\" width=\"340\" height=\"240\" src=\"https:\/\/talli24.fi\/wp-content\/uploads\/2022\/12\/120809768_3454766997949009_8686811167558399285_n-340x240.jpg\" class=\"attachment-thumbnail size-thumbnail\" alt=\"\" \/><\/a><\/div><\/div><\/div><div id=\"garage-gallery7p\" class=\"swiper-button-prev\"><svg xmlns=\"http:\/\/www.w3.org\/2000\/svg\" width=\"22\" height=\"15.998\" viewBox=\"0 0 22 15.998\"><path d=\"M647.185,5080.233a.76.76,0,0,1,1.109,0,.829.829,0,0,1,0,1.135l-5.622,5.815h18.551a.785.785,0,0,1,.776.8.794.794,0,0,1-.776.814H642.672l5.622,5.8a.844.844,0,0,1,0,1.147.76.76,0,0,1-1.109,0l-6.953-7.191a.808.808,0,0,1,0-1.135Z\" transform=\"translate(-640 -5079.993)\" fill=\"var(--primary-color)\"\/><\/svg><\/div><div id=\"garage-gallery7n\" class=\"swiper-button-next\"><svg xmlns=\"http:\/\/www.w3.org\/2000\/svg\" width=\"22\" height=\"15.998\" viewBox=\"0 0 22 15.998\"><path d=\"M654.814,5080.233a.76.76,0,0,0-1.109,0,.829.829,0,0,0,0,1.135l5.622,5.815H640.776a.785.785,0,0,0-.776.8.794.794,0,0,0,.776.814h18.551l-5.622,5.8a.844.844,0,0,0,0,1.147.76.76,0,0,0,1.109,0l6.953-7.191a.808.808,0,0,0,0-1.135Z\" transform=\"translate(-640 -5079.993)\" fill=\"var(--primary-color)\"\/><\/svg><\/div><\/div><p class=\"font-weight-semibold has-medium-font-size has-theme-primary-color\">Mini angaar v6<\/p><div class=\"garage-item__data\"><div class=\"d-flex flex-wrap\"><p><span class=\"d-block\">Angaari suurus<\/span>6000mm x 6000mm<\/p><p><span class=\"d-block\">Varjualune<\/span>3000mm*6000mm<\/p><\/div><\/div><\/div><\/div><\/div><\/div>\n\n<div id=\"acf-block_3653c5469ca10e981cca2f3509e62188\" class=\"acf-block-element element-tabs overflow-hidden\"><ul class=\"nav nav-tabs\" id=\"myTab\" role=\"tablist\"><li class=\"nav-item\" role=\"tab\"><a class=\"nav-link active\" id=\"standardivarit-tab\" data-toggle=\"tab\" href=\"#standardivarit\" aria-controls=\"standardivarit\" aria-selected=\"true\">Standardiv\u00e4rit<\/a><\/li><\/ul><div class=\"tab-content\"><div class=\"tab-pane fade show active\" id=\"standardivarit\" role=\"tabpanel\" aria-labelledby=\"standardivarit-tab\"><div class=\"builder-part part-colors\"><div class=\"row row-grid\"><div class=\"col-12 col-sm-6 col-md-3\"><div class=\"color-item text-center\"><div class=\"position-relative color-object\"><img loading=\"lazy\" decoding=\"async\" width=\"200\" height=\"167\" src=\"https:\/\/talli24.fi\/wp-content\/uploads\/fly-images\/1366\/RAL-1001-colour-300x250-1-e1670850881255-270x180-c.png\" class=\"attachment-img-270x180\" alt=\"RAL-1001-colour-300x250\" \/><\/div><p class=\"text-uppercase\"><\/p><\/div><\/div><div class=\"col-12 col-sm-6 col-md-3\"><div class=\"color-item text-center\"><div class=\"position-relative color-object\"><img loading=\"lazy\" decoding=\"async\" width=\"270\" height=\"180\" src=\"https:\/\/talli24.fi\/wp-content\/uploads\/fly-images\/1364\/RAL-9010-colour-300x250-1-270x180-c.png\" class=\"attachment-img-270x180\" alt=\"RAL-9010-colour-300x250\" \/><\/div><p class=\"text-uppercase\"><\/p><\/div><\/div><div class=\"col-12 col-sm-6 col-md-3\"><div class=\"color-item text-center\"><div class=\"position-relative color-object\"><img loading=\"lazy\" decoding=\"async\" width=\"270\" height=\"180\" src=\"https:\/\/talli24.fi\/wp-content\/uploads\/fly-images\/1360\/RAL-9006-colour-300x250-1-270x180-c.png\" class=\"attachment-img-270x180\" alt=\"RAL-9006-colour-300x250\" \/><\/div><p class=\"text-uppercase\"><\/p><\/div><\/div><div class=\"col-12 col-sm-6 col-md-3\"><div class=\"color-item text-center\"><div class=\"position-relative color-object\"><img loading=\"lazy\" decoding=\"async\" width=\"270\" height=\"180\" src=\"https:\/\/talli24.fi\/wp-content\/uploads\/fly-images\/1358\/RAL-9005-colour-300x250-1-270x180-c.png\" class=\"attachment-img-270x180\" alt=\"RAL-9005-colour-300x250\" \/><\/div><p class=\"text-uppercase\"><\/p><\/div><\/div><div class=\"col-12 col-sm-6 col-md-3\"><div class=\"color-item text-center\"><div class=\"position-relative color-object\"><img loading=\"lazy\" decoding=\"async\" width=\"270\" height=\"180\" src=\"https:\/\/talli24.fi\/wp-content\/uploads\/fly-images\/1356\/RAL-9004-colour-300x250-1-270x180-c.png\" class=\"attachment-img-270x180\" alt=\"RAL-9004-colour-300x250\" \/><\/div><p class=\"text-uppercase\"><\/p><\/div><\/div><div class=\"col-12 col-sm-6 col-md-3\"><div class=\"color-item text-center\"><div class=\"position-relative color-object\"><img loading=\"lazy\" decoding=\"async\" width=\"270\" height=\"180\" src=\"https:\/\/talli24.fi\/wp-content\/uploads\/fly-images\/1350\/RAL-8019-colour-300x250-1-270x180-c.png\" class=\"attachment-img-270x180\" alt=\"RAL-8019-colour-300x250\" \/><\/div><p class=\"text-uppercase\"><\/p><\/div><\/div><div class=\"col-12 col-sm-6 col-md-3\"><div class=\"color-item text-center\"><div class=\"position-relative color-object\"><img loading=\"lazy\" decoding=\"async\" width=\"270\" height=\"180\" src=\"https:\/\/talli24.fi\/wp-content\/uploads\/fly-images\/1332\/RAL-3009-colour-300x250-1-270x180-c.png\" class=\"attachment-img-270x180\" alt=\"RAL-3009-colour-300x250\" \/><\/div><p class=\"text-uppercase\"><\/p><\/div><\/div><div class=\"col-12 col-sm-6 col-md-3\"><div class=\"color-item text-center\"><div class=\"position-relative color-object\"><img loading=\"lazy\" decoding=\"async\" width=\"270\" height=\"180\" src=\"https:\/\/talli24.fi\/wp-content\/uploads\/fly-images\/1348\/RAL-8004-colour-300x250-1-270x180-c.png\" class=\"attachment-img-270x180\" alt=\"RAL-8004-colour-300x250\" \/><\/div><p class=\"text-uppercase\"><\/p><\/div><\/div><div class=\"col-12 col-sm-6 col-md-3\"><div class=\"color-item text-center\"><div class=\"position-relative color-object\"><img loading=\"lazy\" decoding=\"async\" width=\"270\" height=\"180\" src=\"https:\/\/talli24.fi\/wp-content\/uploads\/fly-images\/1344\/RAL-7015-colour-300x250-1-270x180-c.png\" class=\"attachment-img-270x180\" alt=\"RAL-7015-colour-300x250\" \/><\/div><p class=\"text-uppercase\"><\/p><\/div><\/div><div class=\"col-12 col-sm-6 col-md-3\"><div class=\"color-item text-center\"><div class=\"position-relative color-object\"><img loading=\"lazy\" decoding=\"async\" width=\"270\" height=\"180\" src=\"https:\/\/talli24.fi\/wp-content\/uploads\/fly-images\/1346\/RAL-7024-colour-300x250-1-270x180-c.png\" class=\"attachment-img-270x180\" alt=\"RAL-7024-colour-300x250\" \/><\/div><p class=\"text-uppercase\"><\/p><\/div><\/div><div class=\"col-12 col-sm-6 col-md-3\"><div class=\"color-item text-center\"><div class=\"position-relative color-object\"><img loading=\"lazy\" decoding=\"async\" width=\"270\" height=\"180\" src=\"https:\/\/talli24.fi\/wp-content\/uploads\/fly-images\/1338\/RAL-6002-colour-300x250-1-270x180-c.png\" class=\"attachment-img-270x180\" alt=\"RAL-6002-colour-300x250\" \/><\/div><p class=\"text-uppercase\"><\/p><\/div><\/div><div class=\"col-12 col-sm-6 col-md-3\"><div class=\"color-item text-center\"><div class=\"position-relative color-object\"><img loading=\"lazy\" decoding=\"async\" width=\"270\" height=\"180\" src=\"https:\/\/talli24.fi\/wp-content\/uploads\/fly-images\/1340\/RAL-6020-colour-300x250-1-270x180-c.png\" class=\"attachment-img-270x180\" alt=\"RAL-6020-colour-300x250\" \/><\/div><p class=\"text-uppercase\"><\/p><\/div><\/div><div class=\"col-12 col-sm-6 col-md-3\"><div class=\"color-item text-center\"><div class=\"position-relative color-object\"><img loading=\"lazy\" decoding=\"async\" width=\"270\" height=\"180\" src=\"https:\/\/talli24.fi\/wp-content\/uploads\/fly-images\/1336\/RAL-5010-colour-300x250-1-270x180-c.png\" class=\"attachment-img-270x180\" alt=\"RAL-5010-colour-300x250\" \/><\/div><p class=\"text-uppercase\"><\/p><\/div><\/div><div class=\"col-12 col-sm-6 col-md-3\"><div class=\"color-item text-center\"><div class=\"position-relative color-object\"><img loading=\"lazy\" decoding=\"async\" width=\"270\" height=\"180\" src=\"https:\/\/talli24.fi\/wp-content\/uploads\/fly-images\/1334\/RAL-5005-colour-300x250-1-270x180-c.png\" class=\"attachment-img-270x180\" alt=\"RAL-5005-colour-300x250\" \/><\/div><p class=\"text-uppercase\"><\/p><\/div><\/div><div class=\"col-12 col-sm-6 col-md-3\"><div class=\"color-item text-center\"><div class=\"position-relative color-object\"><img loading=\"lazy\" decoding=\"async\" width=\"270\" height=\"180\" src=\"https:\/\/talli24.fi\/wp-content\/uploads\/fly-images\/1328\/RAL-1018-colour-300x250-1-270x180-c.png\" class=\"attachment-img-270x180\" alt=\"RAL-1018-colour-300x250\" \/><\/div><p class=\"text-uppercase\"><\/p><\/div><\/div><div class=\"col-12 col-sm-6 col-md-3\"><div class=\"color-item text-center\"><div class=\"position-relative color-object\"><img loading=\"lazy\" decoding=\"async\" width=\"270\" height=\"180\" src=\"https:\/\/talli24.fi\/wp-content\/uploads\/fly-images\/1330\/RAL-1021-colour-300x250-1-270x180-c.png\" class=\"attachment-img-270x180\" alt=\"RAL-1021-colour-300x250\" \/><\/div><p class=\"text-uppercase\"><\/p><\/div><\/div><\/div><\/div><\/div><\/div><\/div>","protected":false},"excerpt":{"rendered":"<p>MINI ANGAARID Mini angaarid on v\u00e4ga vastupidavad ja laialdase kasutusv\u00f5imalustega ehitised. Toodame erinevates suurustes ja disainides, vastavalt Sinu vajadustele. Miniangaaride&#8230;<\/p>\n","protected":false},"author":1,"featured_media":0,"parent":0,"menu_order":0,"comment_status":"closed","ping_status":"closed","template":"","meta":{"_acf_changed":false,"inline_featured_image":false,"footnotes":""},"class_list":["post-704","page","type-page","status-publish","hentry"],"acf":[],"_links":{"self":[{"href":"https:\/\/talli24.fi\/et\/wp-json\/wp\/v2\/pages\/704","targetHints":{"allow":["GET"]}}],"collection":[{"href":"https:\/\/talli24.fi\/et\/wp-json\/wp\/v2\/pages"}],"about":[{"href":"https:\/\/talli24.fi\/et\/wp-json\/wp\/v2\/types\/page"}],"author":[{"embeddable":true,"href":"https:\/\/talli24.fi\/et\/wp-json\/wp\/v2\/users\/1"}],"replies":[{"embeddable":true,"href":"https:\/\/talli24.fi\/et\/wp-json\/wp\/v2\/comments?post=704"}],"version-history":[{"count":41,"href":"https:\/\/talli24.fi\/et\/wp-json\/wp\/v2\/pages\/704\/revisions"}],"predecessor-version":[{"id":1970,"href":"https:\/\/talli24.fi\/et\/wp-json\/wp\/v2\/pages\/704\/revisions\/1970"}],"wp:attachment":[{"href":"https:\/\/talli24.fi\/et\/wp-json\/wp\/v2\/media?parent=704"}],"curies":[{"name":"wp","href":"https:\/\/api.w.org\/{rel}","templated":true}]}}