{"id":706,"date":"2022-04-11T07:30:00","date_gmt":"2022-04-11T07:30:00","guid":{"rendered":"https:\/\/uus.talli24.fi\/?page_id=706"},"modified":"2022-12-13T08:45:14","modified_gmt":"2022-12-13T06:45:14","slug":"prugila","status":"publish","type":"page","link":"https:\/\/talli24.fi\/et\/prugila\/","title":{"rendered":"Pr\u00fcgimajad"},"content":{"rendered":"<div id=\"acf-block_624c58a55586a\" class=\"acf-block-element element-hero alignfull position-relative overflow-hidden is-first-element\" data-opacity=\"50\"><div class=\"element-bg\"><video autoplay muted playsinline loop><source src=\"https:\/\/talli24.fi\/wp-content\/uploads\/2022\/04\/Premium_Garage_kodulehe_klipp_13sek_final.mp4\" type=\"video\/mp4\"><\/video><\/div><div class=\"container\"><div class=\"row align-items-center position-relative h-100\"><div class=\"col-12 col-md-6\">\n\n<h1 class=\"wp-el wp-block-heading\">Pr\u00fcgimajad<\/h1>\n\n\n\n<p class=\"has-semilarge-font-size wp-el\">Suurep\u00e4rane lahendus luua enda \u00fcmber korrastatud ja kaitstud keskkond. <\/p>\n\n\n\n<p class=\"has-semigiant-font-size wp-el\"><span style=\"color:var(--primary-color)\" class=\"tadv-color\">Hind alates 4900 \u20ac<\/span><\/p>\n\n\n\n<p class=\"wp-el\"><\/p>\n\n\n\n<div class=\"wp-block-button is-style-fill\"><a class=\"wp-block-button__link wp-element-button\" href=\"#vota-uhendust\">V\u00f5ta \u00fchendust<\/a><\/div>\n\n<\/div><div class=\"col-12 col-md-6\"><div class=\"swiper-outer\"><div id=\"hero1\" class=\"swiper\"><div class=\"swiper-wrapper\"><div class=\"swiper-slide\"><a href=\"https:\/\/talli24.fi\/wp-content\/uploads\/2022\/04\/130096665_3632535823505458_5543884115847490718_n.jpg\" data-fancybox=\"acf-block_624c58a55586a\"><img loading=\"lazy\" decoding=\"async\" width=\"420\" height=\"420\" src=\"https:\/\/talli24.fi\/wp-content\/uploads\/fly-images\/1000\/130096665_3632535823505458_5543884115847490718_n-420x420-c.jpg\" class=\"attachment-img-420\" alt=\"130096665_3632535823505458_5543884115847490718_n\" \/><\/a><\/div><div class=\"swiper-slide\"><a href=\"https:\/\/talli24.fi\/wp-content\/uploads\/2022\/04\/130196080_3632535806838793_3454306831503775728_n.jpg\" data-fancybox=\"acf-block_624c58a55586a\"><img loading=\"lazy\" decoding=\"async\" width=\"420\" height=\"420\" src=\"https:\/\/talli24.fi\/wp-content\/uploads\/fly-images\/1004\/130196080_3632535806838793_3454306831503775728_n-420x420-c.jpg\" class=\"attachment-img-420\" alt=\"130196080_3632535806838793_3454306831503775728_n\" \/><\/a><\/div><\/div><\/div><div id=\"hero1p\" class=\"swiper-button-prev\"><svg xmlns=\"http:\/\/www.w3.org\/2000\/svg\" width=\"22\" height=\"15.998\" viewBox=\"0 0 22 15.998\"><path d=\"M647.185,5080.233a.76.76,0,0,1,1.109,0,.829.829,0,0,1,0,1.135l-5.622,5.815h18.551a.785.785,0,0,1,.776.8.794.794,0,0,1-.776.814H642.672l5.622,5.8a.844.844,0,0,1,0,1.147.76.76,0,0,1-1.109,0l-6.953-7.191a.808.808,0,0,1,0-1.135Z\" transform=\"translate(-640 -5079.993)\" fill=\"var(--primary-color)\"\/><\/svg><\/div><div id=\"hero1n\" class=\"swiper-button-next\"><svg xmlns=\"http:\/\/www.w3.org\/2000\/svg\" width=\"22\" height=\"15.998\" viewBox=\"0 0 22 15.998\"><path d=\"M654.814,5080.233a.76.76,0,0,0-1.109,0,.829.829,0,0,0,0,1.135l5.622,5.815H640.776a.785.785,0,0,0-.776.8.794.794,0,0,0,.776.814h18.551l-5.622,5.8a.844.844,0,0,0,0,1.147.76.76,0,0,0,1.109,0l6.953-7.191a.808.808,0,0,0,0-1.135Z\" transform=\"translate(-640 -5079.993)\" fill=\"var(--primary-color)\"\/><\/svg><\/div><\/div><\/div><\/div><\/div><\/div>\n\n\n<h2 class=\"wp-el wp-block-heading\">PR\u00dcGIMAJAD<\/h2>\n\n\n\n<div class=\"wp-block-columns is-layout-flex wp-container-core-columns-is-layout-28f84493 wp-block-columns-is-layout-flex\">\n<div class=\"wp-block-column is-layout-flow wp-block-column-is-layout-flow\" style=\"flex-basis:100%\">\n<p class=\"has-semilarge-font-size wp-el\">Pr\u00fcgimajad on mini angaarist arendatud tooted mis kaitsevad pr\u00fcgikaste tuule, niiskuse, loomade, ning muude tingimuste eest. <\/p>\n\n\n\n<p class=\"has-semilarge-font-size wp-el\">Edendades j\u00e4\u00e4tmek\u00e4itulust ja takistades pr\u00fcgil loodusesse sattumist, parandad sa oluliselt enda keskkonna kvaliteeti.<\/p>\n\n\n\n<p class=\"has-semilarge-font-size wp-el\">Selleks, et hoone t\u00e4idaks p\u00fcstitatud eesm\u00e4rki, v\u00f5ta meiega \u00fchendust ja leiame just Sulle sobiva lahenduse!<\/p>\n\n\n\n<div class=\"wp-block-button is-style-secondary-outline\"><a class=\"wp-block-button__link wp-element-button\" href=\"#vota-uhendust\">V\u00f5ta \u00fchendust konsultandiga<\/a><\/div>\n<\/div>\n<\/div>\n\n\n\n<h2 class=\"is-style-has-lines wp-el wp-block-heading\">Pr\u00fcgimajade mudelid<\/h2>\n\n\n<div id=\"acf-block_625ff0674fc46\" class=\"acf-block-element element-garages overflow-hidden\"><div class=\"row row-grid\"><div class=\"col-12 col-sm-6 col-md-4\"><div id=\"post-845\" class=\"garage-item position-relative h-100\"><div class=\"swiper-outer\"><div id=\"garage-gallery2\" class=\"swiper\"><div class=\"swiper-wrapper\"><div class=\"swiper-slide\"><a href=\"https:\/\/talli24.fi\/wp-content\/uploads\/2022\/04\/129913407_3632535810172126_398548444072376434_n.jpg\" data-fancybox=\"845\"><img loading=\"lazy\" decoding=\"async\" width=\"340\" height=\"240\" src=\"https:\/\/talli24.fi\/wp-content\/uploads\/2022\/04\/129913407_3632535810172126_398548444072376434_n-340x240.jpg\" class=\"attachment-thumbnail size-thumbnail\" alt=\"\" \/><\/a><\/div><\/div><\/div><div id=\"garage-gallery2p\" class=\"swiper-button-prev\"><svg xmlns=\"http:\/\/www.w3.org\/2000\/svg\" width=\"22\" height=\"15.998\" viewBox=\"0 0 22 15.998\"><path d=\"M647.185,5080.233a.76.76,0,0,1,1.109,0,.829.829,0,0,1,0,1.135l-5.622,5.815h18.551a.785.785,0,0,1,.776.8.794.794,0,0,1-.776.814H642.672l5.622,5.8a.844.844,0,0,1,0,1.147.76.76,0,0,1-1.109,0l-6.953-7.191a.808.808,0,0,1,0-1.135Z\" transform=\"translate(-640 -5079.993)\" fill=\"var(--primary-color)\"\/><\/svg><\/div><div id=\"garage-gallery2n\" class=\"swiper-button-next\"><svg xmlns=\"http:\/\/www.w3.org\/2000\/svg\" width=\"22\" height=\"15.998\" viewBox=\"0 0 22 15.998\"><path d=\"M654.814,5080.233a.76.76,0,0,0-1.109,0,.829.829,0,0,0,0,1.135l5.622,5.815H640.776a.785.785,0,0,0-.776.8.794.794,0,0,0,.776.814h18.551l-5.622,5.8a.844.844,0,0,0,0,1.147.76.76,0,0,0,1.109,0l6.953-7.191a.808.808,0,0,0,0-1.135Z\" transform=\"translate(-640 -5079.993)\" fill=\"var(--primary-color)\"\/><\/svg><\/div><\/div><p class=\"font-weight-semibold has-medium-font-size has-theme-primary-color\">Pr\u00fcgimaja v1<\/p><div class=\"garage-item__data\"><div class=\"d-flex flex-wrap\"><p><span class=\"d-block font-weight-semibold\">Hind (soojustamata)<\/span>7999\u20ac +km<\/p><\/div><div class=\"d-flex flex-wrap\"><p><span class=\"d-block\">Pr\u00fcgimaja m\u00f5\u00f5tmed<\/span>5000mm x 8000mm<\/p><p><span class=\"d-block\">N\u00e4idis lahendus<\/span> <\/p><\/div><\/div><\/div><\/div><div class=\"col-12 col-sm-6 col-md-4\"><div id=\"post-1194\" class=\"garage-item position-relative h-100\"><div class=\"swiper-outer\"><div id=\"garage-gallery3\" class=\"swiper\"><div class=\"swiper-wrapper\"><div class=\"swiper-slide\"><a href=\"https:\/\/talli24.fi\/wp-content\/uploads\/2022\/04\/130194727_3632535713505469_7027507417666327049_n.jpg\" data-fancybox=\"1194\"><img loading=\"lazy\" decoding=\"async\" width=\"340\" height=\"240\" src=\"https:\/\/talli24.fi\/wp-content\/uploads\/2022\/04\/130194727_3632535713505469_7027507417666327049_n-340x240.jpg\" class=\"attachment-thumbnail size-thumbnail\" alt=\"\" \/><\/a><\/div><\/div><\/div><div id=\"garage-gallery3p\" class=\"swiper-button-prev\"><svg xmlns=\"http:\/\/www.w3.org\/2000\/svg\" width=\"22\" height=\"15.998\" viewBox=\"0 0 22 15.998\"><path d=\"M647.185,5080.233a.76.76,0,0,1,1.109,0,.829.829,0,0,1,0,1.135l-5.622,5.815h18.551a.785.785,0,0,1,.776.8.794.794,0,0,1-.776.814H642.672l5.622,5.8a.844.844,0,0,1,0,1.147.76.76,0,0,1-1.109,0l-6.953-7.191a.808.808,0,0,1,0-1.135Z\" transform=\"translate(-640 -5079.993)\" fill=\"var(--primary-color)\"\/><\/svg><\/div><div id=\"garage-gallery3n\" class=\"swiper-button-next\"><svg xmlns=\"http:\/\/www.w3.org\/2000\/svg\" width=\"22\" height=\"15.998\" viewBox=\"0 0 22 15.998\"><path d=\"M654.814,5080.233a.76.76,0,0,0-1.109,0,.829.829,0,0,0,0,1.135l5.622,5.815H640.776a.785.785,0,0,0-.776.8.794.794,0,0,0,.776.814h18.551l-5.622,5.8a.844.844,0,0,0,0,1.147.76.76,0,0,0,1.109,0l6.953-7.191a.808.808,0,0,0,0-1.135Z\" transform=\"translate(-640 -5079.993)\" fill=\"var(--primary-color)\"\/><\/svg><\/div><\/div><p class=\"font-weight-semibold has-medium-font-size has-theme-primary-color\">Pr\u00fcgimaja v2<\/p><div class=\"garage-item__data\"><div class=\"d-flex flex-wrap\"><p><span class=\"d-block font-weight-semibold\">Hind (soojustamata)<\/span>8750\u20ac +km<\/p><\/div><div class=\"d-flex flex-wrap\"><p><span class=\"d-block\">Pr\u00fcgimaja m\u00f5\u00f5tmed<\/span>5000mm x 7000mm<\/p><p><span class=\"d-block\">N\u00e4idis lahendus<\/span> <\/p><\/div><\/div><\/div><\/div><div class=\"col-12 col-sm-6 col-md-4\"><div id=\"post-1196\" class=\"garage-item position-relative h-100\"><div class=\"swiper-outer\"><div id=\"garage-gallery4\" class=\"swiper\"><div class=\"swiper-wrapper\"><div class=\"swiper-slide\"><a href=\"https:\/\/talli24.fi\/wp-content\/uploads\/2022\/04\/130096665_3632535823505458_5543884115847490718_n.jpg\" data-fancybox=\"1196\"><img loading=\"lazy\" decoding=\"async\" width=\"340\" height=\"240\" src=\"https:\/\/talli24.fi\/wp-content\/uploads\/2022\/04\/130096665_3632535823505458_5543884115847490718_n-340x240.jpg\" class=\"attachment-thumbnail size-thumbnail\" alt=\"\" \/><\/a><\/div><\/div><\/div><div id=\"garage-gallery4p\" class=\"swiper-button-prev\"><svg xmlns=\"http:\/\/www.w3.org\/2000\/svg\" width=\"22\" height=\"15.998\" viewBox=\"0 0 22 15.998\"><path d=\"M647.185,5080.233a.76.76,0,0,1,1.109,0,.829.829,0,0,1,0,1.135l-5.622,5.815h18.551a.785.785,0,0,1,.776.8.794.794,0,0,1-.776.814H642.672l5.622,5.8a.844.844,0,0,1,0,1.147.76.76,0,0,1-1.109,0l-6.953-7.191a.808.808,0,0,1,0-1.135Z\" transform=\"translate(-640 -5079.993)\" fill=\"var(--primary-color)\"\/><\/svg><\/div><div id=\"garage-gallery4n\" class=\"swiper-button-next\"><svg xmlns=\"http:\/\/www.w3.org\/2000\/svg\" width=\"22\" height=\"15.998\" viewBox=\"0 0 22 15.998\"><path d=\"M654.814,5080.233a.76.76,0,0,0-1.109,0,.829.829,0,0,0,0,1.135l5.622,5.815H640.776a.785.785,0,0,0-.776.8.794.794,0,0,0,.776.814h18.551l-5.622,5.8a.844.844,0,0,0,0,1.147.76.76,0,0,0,1.109,0l6.953-7.191a.808.808,0,0,0,0-1.135Z\" transform=\"translate(-640 -5079.993)\" fill=\"var(--primary-color)\"\/><\/svg><\/div><\/div><p class=\"font-weight-semibold has-medium-font-size has-theme-primary-color\">Pr\u00fcgimaja v3<\/p><div class=\"garage-item__data\"><div class=\"d-flex flex-wrap\"><p><span class=\"d-block font-weight-semibold\">Hind (soojustamata)<\/span>3000\u20ac +km<\/p><\/div><div class=\"d-flex flex-wrap\"><p><span class=\"d-block\">Pr\u00fcgimaja m\u00f5\u00f5tmed<\/span>5000mm x 2000mm<\/p><p><span class=\"d-block\">N\u00e4idis lahendus<\/span> <\/p><\/div><\/div><\/div><\/div><\/div><\/div>\n\n<div id=\"acf-block_4cc0de2728c1fc3f0a4df4eef4c7b789\" class=\"acf-block-element element-tabs overflow-hidden\"><ul class=\"nav nav-tabs\" id=\"myTab\" role=\"tablist\"><li class=\"nav-item\" role=\"tab\"><a class=\"nav-link active\" id=\"standardivarit-tab\" data-toggle=\"tab\" href=\"#standardivarit\" aria-controls=\"standardivarit\" aria-selected=\"true\">Standardiv\u00e4rit<\/a><\/li><\/ul><div class=\"tab-content\"><div class=\"tab-pane fade show active\" id=\"standardivarit\" role=\"tabpanel\" aria-labelledby=\"standardivarit-tab\"><div class=\"builder-part part-colors\"><div class=\"row row-grid\"><div class=\"col-12 col-sm-6 col-md-3\"><div class=\"color-item text-center\"><div class=\"position-relative color-object\"><img loading=\"lazy\" decoding=\"async\" width=\"200\" height=\"167\" src=\"https:\/\/talli24.fi\/wp-content\/uploads\/fly-images\/1366\/RAL-1001-colour-300x250-1-e1670850881255-270x180-c.png\" class=\"attachment-img-270x180\" alt=\"RAL-1001-colour-300x250\" \/><\/div><p class=\"text-uppercase\"><\/p><\/div><\/div><div class=\"col-12 col-sm-6 col-md-3\"><div class=\"color-item text-center\"><div class=\"position-relative color-object\"><img loading=\"lazy\" decoding=\"async\" width=\"270\" height=\"180\" src=\"https:\/\/talli24.fi\/wp-content\/uploads\/fly-images\/1364\/RAL-9010-colour-300x250-1-270x180-c.png\" class=\"attachment-img-270x180\" alt=\"RAL-9010-colour-300x250\" \/><\/div><p class=\"text-uppercase\"><\/p><\/div><\/div><div class=\"col-12 col-sm-6 col-md-3\"><div class=\"color-item text-center\"><div class=\"position-relative color-object\"><img loading=\"lazy\" decoding=\"async\" width=\"270\" height=\"180\" src=\"https:\/\/talli24.fi\/wp-content\/uploads\/fly-images\/1360\/RAL-9006-colour-300x250-1-270x180-c.png\" class=\"attachment-img-270x180\" alt=\"RAL-9006-colour-300x250\" \/><\/div><p class=\"text-uppercase\"><\/p><\/div><\/div><div class=\"col-12 col-sm-6 col-md-3\"><div class=\"color-item text-center\"><div class=\"position-relative color-object\"><img loading=\"lazy\" decoding=\"async\" width=\"270\" height=\"180\" src=\"https:\/\/talli24.fi\/wp-content\/uploads\/fly-images\/1358\/RAL-9005-colour-300x250-1-270x180-c.png\" class=\"attachment-img-270x180\" alt=\"RAL-9005-colour-300x250\" \/><\/div><p class=\"text-uppercase\"><\/p><\/div><\/div><div class=\"col-12 col-sm-6 col-md-3\"><div class=\"color-item text-center\"><div class=\"position-relative color-object\"><img loading=\"lazy\" decoding=\"async\" width=\"270\" height=\"180\" src=\"https:\/\/talli24.fi\/wp-content\/uploads\/fly-images\/1356\/RAL-9004-colour-300x250-1-270x180-c.png\" class=\"attachment-img-270x180\" alt=\"RAL-9004-colour-300x250\" \/><\/div><p class=\"text-uppercase\"><\/p><\/div><\/div><div class=\"col-12 col-sm-6 col-md-3\"><div class=\"color-item text-center\"><div class=\"position-relative color-object\"><img loading=\"lazy\" decoding=\"async\" width=\"270\" height=\"180\" src=\"https:\/\/talli24.fi\/wp-content\/uploads\/fly-images\/1350\/RAL-8019-colour-300x250-1-270x180-c.png\" class=\"attachment-img-270x180\" alt=\"RAL-8019-colour-300x250\" \/><\/div><p class=\"text-uppercase\"><\/p><\/div><\/div><div class=\"col-12 col-sm-6 col-md-3\"><div class=\"color-item text-center\"><div class=\"position-relative color-object\"><img loading=\"lazy\" decoding=\"async\" width=\"270\" height=\"180\" src=\"https:\/\/talli24.fi\/wp-content\/uploads\/fly-images\/1332\/RAL-3009-colour-300x250-1-270x180-c.png\" class=\"attachment-img-270x180\" alt=\"RAL-3009-colour-300x250\" \/><\/div><p class=\"text-uppercase\"><\/p><\/div><\/div><div class=\"col-12 col-sm-6 col-md-3\"><div class=\"color-item text-center\"><div class=\"position-relative color-object\"><img loading=\"lazy\" decoding=\"async\" width=\"270\" height=\"180\" src=\"https:\/\/talli24.fi\/wp-content\/uploads\/fly-images\/1348\/RAL-8004-colour-300x250-1-270x180-c.png\" class=\"attachment-img-270x180\" alt=\"RAL-8004-colour-300x250\" \/><\/div><p class=\"text-uppercase\"><\/p><\/div><\/div><div class=\"col-12 col-sm-6 col-md-3\"><div class=\"color-item text-center\"><div class=\"position-relative color-object\"><img loading=\"lazy\" decoding=\"async\" width=\"270\" height=\"180\" src=\"https:\/\/talli24.fi\/wp-content\/uploads\/fly-images\/1344\/RAL-7015-colour-300x250-1-270x180-c.png\" class=\"attachment-img-270x180\" alt=\"RAL-7015-colour-300x250\" \/><\/div><p class=\"text-uppercase\"><\/p><\/div><\/div><div class=\"col-12 col-sm-6 col-md-3\"><div class=\"color-item text-center\"><div class=\"position-relative color-object\"><img loading=\"lazy\" decoding=\"async\" width=\"270\" height=\"180\" src=\"https:\/\/talli24.fi\/wp-content\/uploads\/fly-images\/1346\/RAL-7024-colour-300x250-1-270x180-c.png\" class=\"attachment-img-270x180\" alt=\"RAL-7024-colour-300x250\" \/><\/div><p class=\"text-uppercase\"><\/p><\/div><\/div><div class=\"col-12 col-sm-6 col-md-3\"><div class=\"color-item text-center\"><div class=\"position-relative color-object\"><img loading=\"lazy\" decoding=\"async\" width=\"270\" height=\"180\" src=\"https:\/\/talli24.fi\/wp-content\/uploads\/fly-images\/1338\/RAL-6002-colour-300x250-1-270x180-c.png\" class=\"attachment-img-270x180\" alt=\"RAL-6002-colour-300x250\" \/><\/div><p class=\"text-uppercase\"><\/p><\/div><\/div><div class=\"col-12 col-sm-6 col-md-3\"><div class=\"color-item text-center\"><div class=\"position-relative color-object\"><img loading=\"lazy\" decoding=\"async\" width=\"270\" height=\"180\" src=\"https:\/\/talli24.fi\/wp-content\/uploads\/fly-images\/1340\/RAL-6020-colour-300x250-1-270x180-c.png\" class=\"attachment-img-270x180\" alt=\"RAL-6020-colour-300x250\" \/><\/div><p class=\"text-uppercase\"><\/p><\/div><\/div><div class=\"col-12 col-sm-6 col-md-3\"><div class=\"color-item text-center\"><div class=\"position-relative color-object\"><img loading=\"lazy\" decoding=\"async\" width=\"270\" height=\"180\" src=\"https:\/\/talli24.fi\/wp-content\/uploads\/fly-images\/1336\/RAL-5010-colour-300x250-1-270x180-c.png\" class=\"attachment-img-270x180\" alt=\"RAL-5010-colour-300x250\" \/><\/div><p class=\"text-uppercase\"><\/p><\/div><\/div><div class=\"col-12 col-sm-6 col-md-3\"><div class=\"color-item text-center\"><div class=\"position-relative color-object\"><img loading=\"lazy\" decoding=\"async\" width=\"270\" height=\"180\" src=\"https:\/\/talli24.fi\/wp-content\/uploads\/fly-images\/1334\/RAL-5005-colour-300x250-1-270x180-c.png\" class=\"attachment-img-270x180\" alt=\"RAL-5005-colour-300x250\" \/><\/div><p class=\"text-uppercase\"><\/p><\/div><\/div><div class=\"col-12 col-sm-6 col-md-3\"><div class=\"color-item text-center\"><div class=\"position-relative color-object\"><img loading=\"lazy\" decoding=\"async\" width=\"270\" height=\"180\" src=\"https:\/\/talli24.fi\/wp-content\/uploads\/fly-images\/1328\/RAL-1018-colour-300x250-1-270x180-c.png\" class=\"attachment-img-270x180\" alt=\"RAL-1018-colour-300x250\" \/><\/div><p class=\"text-uppercase\"><\/p><\/div><\/div><div class=\"col-12 col-sm-6 col-md-3\"><div class=\"color-item text-center\"><div class=\"position-relative color-object\"><img loading=\"lazy\" decoding=\"async\" width=\"270\" height=\"180\" src=\"https:\/\/talli24.fi\/wp-content\/uploads\/fly-images\/1330\/RAL-1021-colour-300x250-1-270x180-c.png\" class=\"attachment-img-270x180\" alt=\"RAL-1021-colour-300x250\" \/><\/div><p class=\"text-uppercase\"><\/p><\/div><\/div><\/div><\/div><\/div><\/div><\/div>","protected":false},"excerpt":{"rendered":"<p>PR\u00dcGIMAJAD Pr\u00fcgimajad on mini angaarist arendatud tooted mis kaitsevad pr\u00fcgikaste tuule, niiskuse, loomade, ning muude tingimuste eest. Edendades j\u00e4\u00e4tmek\u00e4itulust ja&#8230;<\/p>\n","protected":false},"author":1,"featured_media":0,"parent":0,"menu_order":0,"comment_status":"closed","ping_status":"closed","template":"","meta":{"_acf_changed":false,"inline_featured_image":false,"footnotes":""},"class_list":["post-706","page","type-page","status-publish","hentry"],"acf":[],"_links":{"self":[{"href":"https:\/\/talli24.fi\/et\/wp-json\/wp\/v2\/pages\/706","targetHints":{"allow":["GET"]}}],"collection":[{"href":"https:\/\/talli24.fi\/et\/wp-json\/wp\/v2\/pages"}],"about":[{"href":"https:\/\/talli24.fi\/et\/wp-json\/wp\/v2\/types\/page"}],"author":[{"embeddable":true,"href":"https:\/\/talli24.fi\/et\/wp-json\/wp\/v2\/users\/1"}],"replies":[{"embeddable":true,"href":"https:\/\/talli24.fi\/et\/wp-json\/wp\/v2\/comments?post=706"}],"version-history":[{"count":15,"href":"https:\/\/talli24.fi\/et\/wp-json\/wp\/v2\/pages\/706\/revisions"}],"predecessor-version":[{"id":1712,"href":"https:\/\/talli24.fi\/et\/wp-json\/wp\/v2\/pages\/706\/revisions\/1712"}],"wp:attachment":[{"href":"https:\/\/talli24.fi\/et\/wp-json\/wp\/v2\/media?parent=706"}],"curies":[{"name":"wp","href":"https:\/\/api.w.org\/{rel}","templated":true}]}}