{"id":899,"date":"2022-04-27T09:23:21","date_gmt":"2022-04-27T09:23:21","guid":{"rendered":"https:\/\/uus.talli24.fi\/?page_id=899"},"modified":"2023-07-10T19:34:10","modified_gmt":"2023-07-10T16:34:10","slug":"ks-premium-ou-tellimus-ja-isikuandmete-tootlemise-uldtingimused","status":"publish","type":"page","link":"https:\/\/talli24.fi\/et\/ks-premium-ou-tellimus-ja-isikuandmete-tootlemise-uldtingimused\/","title":{"rendered":"Tellimustingimused"},"content":{"rendered":"\n<p class=\"wp-el\">01.07.2023<\/p>\n\n\n\n<p class=\"wp-el\">AA Arlina O\u00dc, reg.koodiga 14395752, (edaspidi M\u00fc\u00fcja) ja klient, kes vormistab M\u00fc\u00fcja k\u00e4est tellimuse ja identifitseerib end sisestades tellimusele oma isikuandmed (edaspidi\u00a0Ostja), s\u00f5lmisid k\u00e4esoleva Lepingu (edaspidi Leping).<\/p>\n\n\n\n<p class=\"wp-el\"><strong>1. \u00dcLDS\u00c4TTED<\/strong><\/p>\n\n\n\n<p class=\"wp-el\">1.1. Lepingupooled juhinduvad omavaheliste suhete reguleerimisel V\u00f5la\u00f5igusseadusest ning teistest Eesti Vabariigi seadustest ja muudest \u00f5igusaktidest ning&nbsp; Lepingus kokkulepitust.<\/p>\n\n\n\n<p class=\"wp-el\">1.2. M\u00fc\u00fcjal on \u00f5igus teha, ilma ette teatamata, pakutavasse teenusesse ja teenuste tingimustesse muudatusi.<\/p>\n\n\n\n<p class=\"wp-el\"><strong>2. TOOTED JA OSTU SOORITAMINE<\/strong><\/p>\n\n\n\n<p class=\"wp-el\">2.1 Kuvatavad tooted on v\u00f5imalik osta tellimise peale.<\/p>\n\n\n\n<p class=\"wp-el\">2.2 Kui toode puudub laost ning tellimust ei ole v\u00f5imalik t\u00e4ita, siis v\u00f5tab M\u00fc\u00fcja \u00fchendust Ostjaga&nbsp;ning pakub v\u00e4lja v\u00f5imaliku uue tarneaja v\u00f5i toote asendamise samav\u00e4\u00e4rse teise tootega, mis on&nbsp;sama hinna ja kvaliteediga, v\u00f5i makstud raha tagastamise. Ostjale tagastatakse raha&nbsp;viivitamatult, kuid mitte hiljem kui 14 p\u00e4eva jooksul p\u00e4rast tellimuse esitamist.<\/p>\n\n\n\n<p class=\"wp-el\">2.3 Kuvatud tootepildid on illustratiivse t\u00e4hendusega ning v\u00f5ivad erineda tegelikust tootest. Olevad tootekirjeldused ei pruugi olla ammendavad ja v\u00f5ivad sisaldada tahtmatuid vigu.<\/p>\n\n\n\n<p class=\"wp-el\">2.4 Ostja kinnitab, et on v\u00e4hemalt 18-aastane.<\/p>\n\n\n\n<p class=\"wp-el\">2.5 Ostja valib v\u00e4lja soovitud toote ning kohustub sisestama tellimuse t\u00e4itmiseks n\u00f5utud andmed&nbsp;ning tasub toodete eest internetipanga pangalingi, krediitkaardi vahendusel v\u00f5i ettemaksu arve alusel.<\/p>\n\n\n\n<p class=\"wp-el\">2.6 Ostja kohustub esitama vormistamisel t\u00f5esed andmed, mis on vajalikud tellimuse t\u00e4itmiseks.&nbsp;M\u00fc\u00fcja ei vastuta t\u00e4itmisel Ostja poolt esitatud ebakorrektsetest andmetest tingitud tellimuse&nbsp;mittet\u00e4itmise v\u00f5i mistahes sellest tulenevate tagaj\u00e4rgede eest.<\/p>\n\n\n\n<p class=\"wp-el\">2.7 M\u00fc\u00fck toimub siis, kui Ostja on saatnud tellimuse ning on tellimuse&nbsp;eest tasunud.<\/p>\n\n\n\n<p class=\"wp-el\"><strong>3. HINNAD<\/strong><\/p>\n\n\n\n<p class=\"wp-el\">3.1. K\u00f5ik&nbsp; n\u00e4idatud hinnad on Eurodes ja lisandub k\u00e4ibemaks.<\/p>\n\n\n\n<p class=\"wp-el\">3.2. M\u00fc\u00fcjal on \u00f5igus igal ajal muuta kuvatavaid hindu. Kui on muudetud hindu&nbsp;peale Ostja poolt tellimuse esitamist ja selle eest tasumist, siis kohustub M\u00fc\u00fcja tarnima kasutajale vastavad tooted tellimuse hetkel kehtinud hindadega. Ostjal ei ole \u00f5igust n\u00f5uda&nbsp;hinnavahe kompenseerimist.<\/p>\n\n\n\n<p class=\"wp-el\"><strong>4. TARNEAEG JA KOHALETOIMETAMISE TINGIMUSED<\/strong><\/p>\n\n\n\n<p class=\"wp-el\">4.1 Ostjal on \u00f5igus valida kahe erineva kauba k\u00e4ttesaamisviisi vahel.<\/p>\n\n\n\n<p class=\"wp-el\">4.1.1 Kaubad toimetatakse Ostjani Eesti Vabariigi piires M\u00fc\u00fcja poolt korraldatud transpordiga.<\/p>\n\n\n\n<p class=\"wp-el\">4.1.2 Transpordi t\u00e4pne aeg lepitakse Ostja ja M\u00fc\u00fcja vahel eraldi kirjalikult kokku.<\/p>\n\n\n\n<p class=\"wp-el\">4.2 Kui Ostja on valinud kohaletoimetamise viisiks M\u00fc\u00fcja transpordi, siis tasub ta Transpordi eest&nbsp;peale transpordi teostamist. M\u00fc\u00fcja teostab transpordi 14 p\u00e4eva jooksul, kui ei ole kokku lepitud&nbsp;teisiti.<\/p>\n\n\n\n<p class=\"wp-el\">4.3 Kui Ostja on valinud kauba k\u00e4ttesaamisviisiks kaupadele ise j\u00e4rele tulemise, siis&nbsp;informeeritakse Ostjat telefoni v\u00f5i e-posti teel hetkel, kui tema poolt tellitud kaubad on valmis&nbsp;v\u00e4ljastamiseks. Vastav info edastatakse Ostjale esimesel v\u00f5imalusel.<\/p>\n\n\n\n<p class=\"wp-el\">4.4 Tellitud kaupade \u00fcleandmine toimub vaid tellimuses m\u00e4rgitud Ostjale isikut t\u00f5endava&nbsp;dokumendi esitamisel. Kolmandatele isikutele kauba \u00fcleandmine toimub ainult kokkuleppel&nbsp;Ostjaga.<\/p>\n\n\n\n<p class=\"wp-el\">4.5 Kaupade v\u00e4ljastamine Ostja transpordi puhul toimub esmasp\u00e4evast kuni reedeni, kell&nbsp;9.00-15.00<\/p>\n\n\n\n<p class=\"wp-el\">4.6 Kauba v\u00e4ljastamisel Ostja transpordile lepitakse kokku kuup\u00e4ev, kuid ei ole v\u00f5imalik&nbsp;broneerida kellaaega, laadimine toimub elava j\u00e4rjekorra alusel.<\/p>\n\n\n\n<p class=\"wp-el\"><strong>5. LEPINGUST TAGANEMINE<\/strong><\/p>\n\n\n\n<p class=\"wp-el\">5.1 Kui Ostja soovib tellimuse esitamise j\u00e4rgselt ja enne M\u00fc\u00fcja poolset t\u00e4itmist lepingust&nbsp;taganeda, siis kohustub Ostja sellest v\u00f5imalikult kiiresti M\u00fc\u00fcjale kirjalikult teatama. Kirjalik teade&nbsp;tuleb saata elektronposti aadressil info@uus.talli24.fi&nbsp;. E-maili tuleb m\u00e4rkida tellimuse&nbsp;andmed (kaup, mis osteti), millest soovitakse taganeda ning lisada Ostja kontaktandmed&nbsp;(eesnimi, perekonnanimi, tellimuse esitamise kuup\u00e4ev, kontakttelefon).<\/p>\n\n\n\n<p class=\"wp-el\">5.2 Kui taganemisavaldus j\u00f5uab M\u00fc\u00fcjani peale M\u00fc\u00fcja poolset lepingu t\u00e4itmist, siis toimub&nbsp;lepingust taganemine vastavalt Lepingu peat\u00fckile \u201eTaganemis\u00f5igus\u201d.<\/p>\n\n\n\n<p class=\"wp-el\">5.3 Tasuta taganemis\u00f5igus kehtib tavahinnaga toodete ostu puhul. Soodushinnaga v\u00f5i&nbsp;kampaania toodete tellimusest taganemise puhul, juhul, kui tellimuse eest on juba tasutud, on<br>M\u00fc\u00fcjal \u00f5igus n\u00f5uda Ostjalt tellimuse k\u00e4sitlustasu, mis v\u00f5rdub 30% tellitud toote maksumusest ja&nbsp;peetakse M\u00fc\u00fcja poolt kinni Ostjale tagastatavast rahast.<\/p>\n\n\n\n<p class=\"wp-el\">5.4 Kui M\u00fc\u00fcja on seoses Ostja poolse tellimusega juba teinud t\u00e4iendavaid kulutusi transpordile,&nbsp;n\u00e4iteks on kaup laetud juba transpordile v\u00f5i ssaadetud Ostja poole teele, on Ostja kohustatud&nbsp;h\u00fcvitama poolte vahel kokku lepitud transpordi maksumuse.<\/p>\n\n\n\n<p class=\"wp-el\">5.5 M\u00fc\u00fcja kannab Ostjale tasutud summa tagasi viivitamata, kuid mitte hiljem kui 14 p\u00e4eva&nbsp;jooksul alates lepingust taganemise teate k\u00e4tte saamisest.<\/p>\n\n\n\n<p class=\"wp-el\">5.6 Raha kantakse \u00fcle samale arvelduskontole, kust toimus selle laekumine M\u00fc\u00fcjale.<\/p>\n\n\n\n<p class=\"wp-el\"><strong>6. TAGANEMIS\u00d5IGUS<\/strong><\/p>\n\n\n\n<p class=\"wp-el\">6.1&nbsp; S\u00f5lmitud lepingutele kehtib 14-p\u00e4evane lepingust taganemis\u00f5igus, mis tuleb esitada&nbsp;M\u00fc\u00fcjale kirjalikus, taasesitatavas vormis. T\u00e4htaeg algab p\u00e4evast, mil kaup on Ostjale k\u00e4tte&nbsp;toimetatud. Kui Ostja on otsustanud lepingust taganeda, tekib tal kohustus kaup Teenuse&nbsp;pakkujale tagastada.<\/p>\n\n\n\n<p class=\"wp-el\">6.2 Tagastatav toode peab olema puuduseta, t\u00e4iskomplektne, avamata originaalpakendis ja kasutamata.<\/p>\n\n\n\n<p class=\"wp-el\">6.3 Tagastus\u00f5igus ei laiene avatud pakendiga kaubale.<\/p>\n\n\n\n<p class=\"wp-el\">6.4 Toote tagastamiseks tuleb esitada taganemisteade e-mailile&nbsp;info@uus.talli24.fi&nbsp;Taganemisteade peab sisaldama j\u00e4rgmist infot \u2013 ostja andmed (nimi, kontaktid), ostu kuup\u00e4ev,&nbsp;ostudokumendi (arve) numbrit, majapaki numbrit (leitav pakisildilt v\u00f5i tootega kaasas olevalt&nbsp;paigaldusjuhendilt), defekti avastamise kuup\u00e4eva, tagastamise p\u00f5hjuse \/ reklamatsiooni&nbsp;kirjelduse, fotod reklamatsiooni t\u00f5estamiseks.<\/p>\n\n\n\n<p class=\"wp-el\">6.5 Lepingust taganemisel tuleb tarbijal ostetud asi viivitamatult, kuid mitte hiljem kui 14 p\u00e4eva&nbsp;jooksul p\u00e4rast lepingust taganemisest teatamist, tagastada.<\/p>\n\n\n\n<p class=\"wp-el\">6.6 Ostja kohustub kandma kauba tagastuskulud, v\u00e4lja arvatud juhul kui tagastamisele kuuluv&nbsp;kaup ei vastanud tarbija tellimusele.<\/p>\n\n\n\n<p class=\"wp-el\">6.7 Juhul kui peale kauba tagastamist ilmneb, et kaup ei vasta Lepingu punktides 6.1 \u2013 6.4&nbsp;toodud tingimustele, siis raha Ostjale ei tagastata ning tagastatud toode j\u00e4\u00e4b M\u00fc\u00fcja juurde hoiule. Hoiustamise v\u00f5i Ostjale toote tagastamisega seotud kulud katab Ostja.<\/p>\n\n\n\n<p class=\"wp-el\"><strong>7. PRETENSIOONIDE ESITAMISE KORD<\/strong><\/p>\n\n\n\n<p class=\"wp-el\">7.1 M\u00fc\u00fcdud toodetele kehtib v\u00f5s \u00a7-s 218 lg 2 s\u00e4testatud 2-aastane pretensiooni&nbsp;esitamise t\u00e4htaeg, millest esimese 6 kuu jooksul teeb vea p\u00e4ritolu kindlaks M\u00fc\u00fcja.<\/p>\n\n\n\n<p class=\"wp-el\"><strong>8. ISIKUANDMED JA NENDE KASUTAMINE<\/strong><\/p>\n\n\n\n<p class=\"wp-el\">8.1 Ostja annab selge ja teadliku n\u00f5usoleku M\u00fc\u00fcjale enda isikuandmete t\u00f6\u00f6tlemiseks.<\/p>\n\n\n\n<p class=\"wp-el\">8.2 Tellimuse esitamisel kasutaja poolt sisestatud M\u00fc\u00fcjale teatavaks saanud Ostja isikuandmed&nbsp;kantakse kliendiregistrisse ning kasutatakse m\u00fc\u00fcgiteenuse osutamiseks ja kauba pakkumiseks&nbsp;Ostjale.<\/p>\n\n\n\n<p class=\"wp-el\">8.3 Isikuandmete allikaks on kliendisuhte tekkimine tellimuse esitamisel<\/p>\n\n\n\n<p class=\"wp-el\">8.4 Registreeritavate isikuandmete koosseisu kuuluvad andmed Ostja tellimuse kohta \u2013&nbsp;perekonnanimi, eesnimi (eesnimed), t\u00e4nav, maja, korteri number, asula v\u00f5i linn, postiindeks,&nbsp;telefoninumber, aadress, tarnimise viis, kasutatud makseviis,&nbsp; Lepinguga n\u00f5ustumine,&nbsp;m\u00fc\u00fcgipakkumiste saatmisega n\u00f5ustumine, elektronposti aadressil vabatekstina sisestatud&nbsp;m\u00e4rkused.<\/p>\n\n\n\n<p class=\"wp-el\">8.7 Isikuandmeid t\u00f6\u00f6tleb AA Arlina O\u00dc, reg.koodiga 14395752,Turu P\u00f5ik 4\/1, TARTU, TARTUMAA<\/p>\n\n\n\n<p class=\"wp-el\">8.8 Ostja isikuandmeid, mis on vajalikud kauba vahendamiseks Ostjale edastakse&nbsp;transporditeenust osutavaile ettev\u00f5ttele.<\/p>\n\n\n\n<p class=\"wp-el\">8.9 Isikuandmete kaitse on tagatud k\u00f5igi seadusest tulenevate turvameetmetega.<\/p>\n\n\n\n<p class=\"wp-el\">8.10 M\u00fc\u00fcja kohustub mitte edastama registreeritud isikuandmeid k\u00f5rvalistele isikutele.<\/p>\n\n\n\n<p class=\"wp-el\">8.11 M\u00fc\u00fcja j\u00e4tab endale \u00f5iguse edastada Ostjat puudutavaid isikuandmeid isikuile, kellel on&nbsp;selleks seaduslik \u00f5igus ning kes t\u00f6\u00f6tleb andmeid seadusega etten\u00e4htud kohustuse t\u00e4itmiseks&nbsp;ning isikuile, kellel on selleks seaduslik \u00f5igus ning see toimub Ostja v\u00f5i muu isiku elu, tervise v\u00f5i&nbsp;vabaduse kaitseks.<\/p>\n\n\n\n<p class=\"wp-el\">8.12 Ostjal on \u00f5igus kontrollida teda ennast puudutavaid isikuandmeid samuti neid muuta v\u00f5i&nbsp;paluda k\u00f5rvaldada oma isikuandmed registrist.<\/p>\n\n\n\n<p class=\"wp-el\">8.13 Ostja annab M\u00fc\u00fcjale n\u00f5usoleku saata tellimuse esitamisel sisestatud elektronposti aadressil&nbsp;tellimuskinnituse.<\/p>\n\n\n\n<p class=\"wp-el\">8.14 Ostja annab M\u00fc\u00fcjale n\u00f5usoleku saata m\u00fc\u00fcgipakkumisi tellimuse esitamisel sisestud&nbsp;elektronposti aadressil juhul, kui on m\u00e4rkinud \u00e4ra tellimise \u00fcldtingimustega n\u00f5ustumise.<\/p>\n\n\n\n<p class=\"wp-el\"><strong>9. VASTUTUS<\/strong><\/p>\n\n\n\n<p class=\"wp-el\">9.1 M\u00fc\u00fcjal lasub vastutus toote m\u00fc\u00fcgihinna ulatuses. M\u00fc\u00fcja ei v\u00f5ta vastutust defektiga toodete&nbsp;poolt tekitatud kahjude eest nagu vara kahjustumine, k\u00e4ibe v\u00f5i kasumi kaotamine.<\/p>\n\n\n\n<p class=\"wp-el\">9.2 Ostja kohustub kasutama teenust \u00fcksnes vastavalt seadusele ja headele tavadele&nbsp;tuginedes.<\/p>\n\n\n\n<p class=\"wp-el\">9.3 Ostja vastutab ise k\u00f5ikide kasutamist eeldavate seadmete tarkvara andmesides\u00fcsteemide&nbsp;muretsemise ja korrashoidmisega seotud ning samuti muude Teenuse kasutamisest p\u00f5hjustatud kulutuste eest.<\/p>\n\n\n\n<p class=\"wp-el\">9.4 Ostja vastutab t\u00e4ielikult Lepingu tingimuste vastasest ning seaduse v\u00f5i heade tavade vastasest kasutamisest tekkinud kahjude eest M\u00fc\u00fcjale, teistele Ostjatele v\u00f5i kolmandatele isikutele.<\/p>\n\n\n\n<p class=\"wp-el\"><strong>10. ERIMEELSUSED<\/strong><\/p>\n\n\n\n<p class=\"wp-el\">10.1 Lepingust tulenevad erimeelsused Ostja ning M\u00fc\u00fcja vahel lahendatakse vastavalt Eesti&nbsp;Vabariigis kehtivatele \u00f5igusaktidele. Kokkuleppe mittesaavutamisel lahendatakse erimeelsused<br>Tartu Maakohtus.<\/p>\n\n\n\n<p class=\"wp-el\"><strong>11. KASUTAMISTINGIMUSED<\/strong><\/p>\n\n\n\n<p class=\"wp-el\">11.1 Lepingus toodud tingimustega tutvumine on Ostjale kohustuslik.<\/p>\n\n\n\n<p class=\"wp-el\">11.2 Tellimuse esitamisel m\u00e4rkides linnukesega vastavas aknas \u201eN\u00f5ustun \u00fcldiste tellimis- ja&nbsp;isikuandmete t\u00f6\u00f6tlemise tingimustega \u201d, n\u00f5ustub Ostja, et on tutvunud Lepingus toodud<br>tingimustega, neist aru saanud ja n\u00f5ustub Lepingus toodud tingimustega.<\/p>\n\n\n\n<p class=\"wp-el\">Tingimused kehtivad alates 01.01.2021 ja on t\u00e4htajatud, M\u00fc\u00fcja j\u00e4tab endale \u00f5iguse muuta<br>kehtivaid tingimusi vastavalt vajadusele, ilma ette teatamise ajata.<\/p>\n\n\n\n<p class=\"wp-el\">AA Arlina O\u00dc<\/p>\n","protected":false},"excerpt":{"rendered":"<p>01.07.2023 AA Arlina O\u00dc, reg.koodiga 14395752, (edaspidi M\u00fc\u00fcja) ja klient, kes vormistab M\u00fc\u00fcja k\u00e4est tellimuse ja identifitseerib end sisestades tellimusele&#8230;<\/p>\n","protected":false},"author":1,"featured_media":0,"parent":0,"menu_order":0,"comment_status":"closed","ping_status":"closed","template":"","meta":{"_acf_changed":false,"inline_featured_image":false,"footnotes":""},"class_list":["post-899","page","type-page","status-publish","hentry"],"acf":[],"_links":{"self":[{"href":"https:\/\/talli24.fi\/et\/wp-json\/wp\/v2\/pages\/899","targetHints":{"allow":["GET"]}}],"collection":[{"href":"https:\/\/talli24.fi\/et\/wp-json\/wp\/v2\/pages"}],"about":[{"href":"https:\/\/talli24.fi\/et\/wp-json\/wp\/v2\/types\/page"}],"author":[{"embeddable":true,"href":"https:\/\/talli24.fi\/et\/wp-json\/wp\/v2\/users\/1"}],"replies":[{"embeddable":true,"href":"https:\/\/talli24.fi\/et\/wp-json\/wp\/v2\/comments?post=899"}],"version-history":[{"count":2,"href":"https:\/\/talli24.fi\/et\/wp-json\/wp\/v2\/pages\/899\/revisions"}],"predecessor-version":[{"id":1939,"href":"https:\/\/talli24.fi\/et\/wp-json\/wp\/v2\/pages\/899\/revisions\/1939"}],"wp:attachment":[{"href":"https:\/\/talli24.fi\/et\/wp-json\/wp\/v2\/media?parent=899"}],"curies":[{"name":"wp","href":"https:\/\/api.w.org\/{rel}","templated":true}]}}