{"id":902,"date":"2022-04-27T09:22:34","date_gmt":"2022-04-27T09:22:34","guid":{"rendered":"https:\/\/uus.talli24.fi\/?page_id=902"},"modified":"2023-08-11T09:39:22","modified_gmt":"2023-08-11T06:39:22","slug":"premiumgarage-ee-privaatsuspoliitika","status":"publish","type":"page","link":"https:\/\/talli24.fi\/et\/premiumgarage-ee-privaatsuspoliitika\/","title":{"rendered":"Privaatsuspoliitika"},"content":{"rendered":"\n<p class=\"wp-el\">K\u00e4esolevas privaatsuspoliitikas sisalduv teave kehtib f\u00fc\u00fcsilise isiku isikuandmete kohta, kuid mitte \u00e4ri\u00fchingute v\u00f5i muude juriidiliste isikute v\u00f5i asutuste andmetele. Teave kehtib ka k\u00f5igi kutse- ja ametitegevusega tegelevate f\u00fc\u00fcsiliste isikute (nt \u00e4ri\u00fchingu v\u00f5i organisatsiooni t\u00f6\u00f6tajate) isikuandmete kohta. Kui te suhtlete meiega \u00c4rikliendiga seotud isikuna, siis me registreerime ja kasutame ka teie kohta k\u00e4ivaid isikuandmeid.<\/p>\n\n\n\n<p class=\"wp-el\">Oma tegevuse k\u00e4igus kogume ja kasutame teid puudutavaid isikuandmeid selleks, et pakkuda teile parimat teenindust, n\u00f5ustamist ja lahendusi ning t\u00e4ita teiega s\u00f5lmitud lepinguid.<\/p>\n\n\n\n<p class=\"wp-el\">Kaitseme Teie andmeid ja eraelu puutumatust k\u00f5igil kehtivas \u00f5iguses ette n\u00e4htud viisidel.<\/p>\n\n\n\n<p class=\"wp-el\"><strong>Millistel eesm\u00e4rkidel me teie isikuandmeid t\u00f6\u00f6tleme?<\/strong><\/p>\n\n\n\n<p class=\"wp-el\">AA Arlina O\u00dc t\u00f6\u00f6tleb kliendi isikuandmeid lepingu t\u00e4itmisega seoses j\u00e4rgmistel eesm\u00e4rkidel:<\/p>\n\n\n\n<ul class=\"wp-el wp-block-list\">\n<li>Kliendi isiku tuvastamine lepingu t\u00e4itmise ja tagamise eesm\u00e4rgil;<\/li>\n\n\n\n<li>Kliendiga suhtlemine lepingu t\u00e4itmise ja tagamise eesm\u00e4rgil;<\/li>\n\n\n\n<li>Kliendi p\u00e4ringutele ja taotlustele vastamine;<\/li>\n\n\n\n<li>Kliendile arvete koostamine ja saatmine;<\/li>\n\n\n\n<li>Kliendibaasi haldamine ja anal\u00fc\u00fcsimine, et parandada kaupade ja teenuste k\u00e4ttesaadavust, valikut, kvaliteeti jms ning teha klientidele parimaid pakkumisi;<\/li>\n\n\n\n<li>Seadusej\u00e4rgse kohustuse t\u00e4itmine, n\u00e4iteks raamatupidamiskohustuse t\u00e4itmine;<\/li>\n\n\n\n<li>Muu AA Arlina \u00f5igustatud huvi alusel t\u00f6\u00f6tlemine, tingimusel, et AA Arlina \u00f5igustatud huvi ei kaalu \u00fcles andmesubjekti \u00f5igusi.<\/li>\n<\/ul>\n\n\n\n<p class=\"wp-el\"><strong>Milliseid isikuandmeid me t\u00f6\u00f6tleme?<\/strong><\/p>\n\n\n\n<p class=\"wp-el\">Kui p\u00f6\u00f6rdute AA Arlina O\u00dc poole teenuse saamiseks v\u00f5i kauba ostmiseks, peame t\u00f6\u00f6tlema Teie kohta andmeid, mis sisaldavad ka isikuandmeid. Isikuandmed, mida me Teie kohta t\u00f6\u00f6tleme, s\u00f5ltuvad konkreetsest lepingulisest v\u00f5i lepingueelsest suhtest Teie ja AA Arlina O\u00dc vahel. Isikuandmed, mida me Teie kohta t\u00f6\u00f6tleme, v\u00f5ivad sisaldada j\u00e4rgmisi andmeid:<\/p>\n\n\n\n<ul class=\"wp-el wp-block-list\">\n<li>Ees- ja perekonnanimi;<\/li>\n\n\n\n<li>Isikukood v\u00f5i s\u00fcnniaeg;<\/li>\n\n\n\n<li>Isikut t\u00f5endava dokumendi andmed;<\/li>\n\n\n\n<li>Kontaktandmed (aadress, e-post, telefoninumber);<\/li>\n\n\n\n<li>Muu lepinguga seotud info (lepingu s\u00f5mimise aeg, hind, makseinfo v\u00f5i muu lepingus toodud info).<\/li>\n<\/ul>\n\n\n\n<p class=\"wp-el\">AA Arlina O\u00dc-l on \u00f5igus kontrollida Teie poolt avaldatud isikuandmete \u00f5igsust ning koguda Teie kohta t\u00e4iendavaid andmeid avalikest allikatest. AA Arlina ei kogu \u00fchelgi juhul Teie kohta andmeid mitteavalikest allikatest.<\/p>\n\n\n\n<p class=\"wp-el\"><strong>Isikuandmete edastamine<\/strong><\/p>\n\n\n\n<p class=\"wp-el\">AA Arlina v\u00f5ib teatud juhtudel edastada Teie isikuandmeid kolmandatele isikutele Euroopa Majanduspiirkonnas. AA Arlina v\u00f5ib edastada Teie isikuandmeid:<\/p>\n\n\n\n<ul class=\"wp-el wp-block-list\">\n<li>Kui Te olete palunud seda teha;<\/li>\n\n\n\n<li>Kui seadus seda n\u00f5uab;<\/li>\n\n\n\n<li>Kui olete andnud selleks eelneva n\u00f5usoleku;<\/li>\n\n\n\n<li>Kui Te ei t\u00e4ida AA Arlina ees v\u00f5etud kohustusi, siis v\u00f5ime avaldada Teie isikuandmeid krediidireitingu agentuuridele ja registritele;<\/li>\n\n\n\n<li>Kui see on vajalik IT-s\u00fcsteemide arendamise, k\u00e4igus hoidmise ja toimepidevuse tagamisega;<\/li>\n\n\n\n<li>AA Arlina koost\u00f6\u00f6partneritele, kellele andmete edastamine on vajalik kliendiga s\u00f5lmitud lepingu t\u00e4itmiseks v\u00f5i tagamiseks, n\u00e4iteks ehitusteatise ja geoalusega tegelevatele koost\u00f6\u00f6partneritele;<\/li>\n\n\n\n<li>Kui Te esitate taotluse j\u00e4relmaksulepingu s\u00f5lmimiseks, v\u00f5ib AA Arlina edastada Teie isikuandmeid Teie valitud j\u00e4relmaksu pakkujatele, kellele soovite lepingu s\u00f5lmida ning kes on sellisel juhul Teie isikuandmete vastutav t\u00f6\u00f6tleja Teiega s\u00f5lmitud lepingu t\u00e4itmise ja tagamise eesm\u00e4rgil.<\/li>\n<\/ul>\n\n\n\n<p class=\"wp-el\"><strong>Isikuandmete s\u00e4ilitamine<\/strong><\/p>\n\n\n\n<p class=\"wp-el\">AA Arlina s\u00e4ilitab isikuandmeid kujul, mis v\u00f5imaldab Teid tuvastada, ainult nii kaua, kui see on p\u00f5hjendatult vajalik isikuandmete kogumise eesm\u00e4rgist l\u00e4htuvalt v\u00f5i p\u00f5hjendatud tulenevalt AA Arlina \u00f5igustatud huvist tingimusel, et AA Arlina \u00f5igustatud huvi ja riive andmesubjekti \u00f5igustele ja vabadustele on tasakaalus.<\/p>\n\n\n\n<p class=\"wp-el\">Isikuandmete s\u00e4ilitamisel j\u00e4rgime j\u00e4rgmisi s\u00e4ilitamist\u00e4htaegasid:<\/p>\n\n\n\n<ul class=\"wp-el wp-block-list\">\n<li>Lepingu s\u00f5lmimiseks kogutud andmeid s\u00e4ilitame seni, kuni neid on vaja lepingu t\u00e4itmisega seoses lepingu kehtivuse jooksul, garantiiperioodi l\u00f5puni v\u00f5i kuni 3 aastat;<\/li>\n\n\n\n<li>Raamatupidamisega seotud algdokumente s\u00e4ilitame 7 aastat;<\/li>\n\n\n\n<li>Veebilehe kaudu tehtud p\u00e4ringute kaudu kogutud andmeid s\u00e4ilitame 1 aasta;<\/li>\n\n\n\n<li>Veebilehe k\u00fcpsiste kaudu saadud infot s\u00e4ilitatakse 540 p\u00e4eva.<\/li>\n<\/ul>\n\n\n\n<p class=\"wp-el\">P\u00e4rast s\u00e4ilimist\u00e4htaja saabumist paberkandjal s\u00e4ilitatud isikuandmed h\u00e4vitatakse ning elektroonilised isikuandmed kustutatakse. Kui soovite saada t\u00e4psemat infot selle kohta, milliseid s\u00e4ilimist\u00e4htaegasi rakendatakse Teie kohta salvestatud isikuandmetele, palun v\u00f5tke meiega \u00fchendust peat\u00fckis \u201e Kontakt\u201c toodud kontaktandmetel.<\/p>\n\n\n\n<p class=\"wp-el\"><strong>Muud s\u00e4tted<\/strong><\/p>\n\n\n\n<p class=\"wp-el\">Privaatsustingimustele kohaldatakse Eesti Vabariigis kehtivat \u00f5igust.<\/p>\n\n\n\n<p class=\"wp-el\"><strong>Teie \u00f5igused<\/strong><\/p>\n\n\n\n<p class=\"wp-el\"><strong><em>Enda isikuandmetega tutvumine<\/em><\/strong><\/p>\n\n\n\n<p class=\"wp-el\">Teil on v\u00f5imalik tutvuda Teie kohta kogutud ja kasutatavate isikuandmetega, nende allikatega ja nende kasutamise eesm\u00e4rkidega. Teil on v\u00f5imalik saada teavet selle kohta, kui kaua ja milliseid andmeid me Teie kohta s\u00e4ilitame. Teie \u00f5igust enda isikuandmetega tutvuda v\u00f5ivad piirata kehtivad \u00f5igusaktid, teiste isikute \u00f5igused nende privaatsuse tagamiseks ning meie tegevuse vajadused. Meie oskusteave, \u00e4risaladused, sisehinnangud ja materjalid v\u00f5ivad samuti kuuluda teabe hulka, millega ei ole v\u00f5imalik tutvuda.<\/p>\n\n\n\n<p class=\"wp-el\"><strong><em>\u00d5igus esitada vastuv\u00e4iteid<\/em><\/strong><\/p>\n\n\n\n<p class=\"wp-el\">Teil on \u00f5igus esitada Teid puudutavate isikuandmete t\u00f6\u00f6tlemisele vastuv\u00e4iteid, sh kui me tugineme andmete t\u00f6\u00f6tlemisel meie \u00f5igustatud huvile. Samuti on Teil \u00f5igus keelata oma isikuandmete kasutamine otseturunduseks.<\/p>\n\n\n\n<p class=\"wp-el\"><strong><em>Andmete parandamine v\u00f5i kustutamine<\/em><\/strong><\/p>\n\n\n\n<p class=\"wp-el\">Kui Teie andmed ei ole \u00f5iged, on puudulikud v\u00f5i asjakohatud, on Teil \u00f5igus n\u00f5uda andmete parandamist v\u00f5i kustutamist, arvestades kehtivatest \u00f5igusaktidest tulenevaid piiranguid ja andmete t\u00f6\u00f6lemisega seotud \u00f5igusi.<\/p>\n\n\n\n<p class=\"wp-el\"><strong><em>Andmete kasutamise piiramine<\/em><\/strong><\/p>\n\n\n\n<p class=\"wp-el\">Kui leiate, et andmed, mis me oleme Teie kohta kogunud, ei ole \u00f5iged, v\u00f5i kui olete esitanud vastuv\u00e4ite andmete kasutamisele, siis v\u00f5ite n\u00f5uda, et piiraksime nende andmete kasutamist ainult nende s\u00e4ilitamisega. Kasutust piiratakse \u00fcksnes s\u00e4ilitamisega, kuni on v\u00f5imalik tuvastada andmete \u00f5igsus v\u00f5i kontrollida, kas meie \u00f5igusp\u00e4rased huvid on Teie huvidest kaalukamad.<\/p>\n\n\n\n<p class=\"wp-el\">Kui Teil on \u00f5igus n\u00f5uda andmete kustutamist, siis v\u00f5ite selle asemel n\u00f5uda, et piirduksime andmete kasutamisel \u00fcksnes nende s\u00e4ilitamisega. Kui me vajame Teie kohta kogutud andmeid ainult \u00f5igusn\u00f5uete maksmapanekuks v\u00f5i kaitsmiseks, siis v\u00f5ite Te n\u00f5uda, et andmeid ei kasutataks muul moel kui neid s\u00e4ilitades. Meil v\u00f5ib siiski olla \u00f5igus kasutada andmeid ka teistsugusel viisil, kui see on vajalik selleks, et n\u00f5udeid maksma panna, v\u00f5i juhul, kui Te olete andnud selleks n\u00f5usoleku.<\/p>\n\n\n\n<p class=\"wp-el\"><strong><em>N\u00f5usoleku tagasiv\u00f5tmine<\/em><\/strong><\/p>\n\n\n\n<p class=\"wp-el\">Kui andmete kasutamiseks on vajalik Teie n\u00f5usolek, v\u00f5ite selle n\u00f5usoleku igal ajal tagasi v\u00f5tta. Juhime Teie t\u00e4helepanu sellele, et kui Te n\u00f5usoleku tagasi v\u00f5tate, ei pruugi meil olla v\u00f5imalik pakkuda Teile teatud teenuseid. Samuti j\u00e4tkame Teie isikuandmete kasutamist n\u00e4iteks Teiega s\u00f5lmitud lepingu t\u00e4itmiseks v\u00f5i l\u00e4htudes \u00f5igusaktidest tulenevatest n\u00f5uetest.<\/p>\n\n\n\n<p class=\"wp-el\"><strong><em>Andmete \u00fclekantavus<\/em><\/strong><\/p>\n\n\n\n<p class=\"wp-el\">Kui me kasutame andmeid Teie n\u00f5usoleku v\u00f5i kokkuleppe alusel ja andmet\u00f6\u00f6tlus on automatiseeritud, on Teil \u00f5igus saada koopia Teie esitatud andmetest elektroonilises masinloetavas formaadis.<\/p>\n\n\n\n<p class=\"wp-el\"><strong>KONTAKT<\/strong><\/p>\n\n\n\n<p class=\"wp-el\">Kui Teil on k\u00fcsimusi k\u00e4esoleva privaatsuspoliitika kohta, k\u00fcsimusi selle kohta kuidas AA Arlina Teie isikuandmeid t\u00f6\u00f6tleb v\u00f5i kui Te soovite esitada isikuandmete t\u00f6\u00f6tlemisega seotud taotlusi, v\u00f5tke palun AA Arlina \u00fchendust e-posti, telefoni v\u00f5i posti teel j\u00e4rgmistel kontaktidel:<\/p>\n\n\n\n<p class=\"wp-el\">AA Arlina O\u00dc<\/p>\n\n\n\n<p class=\"wp-el\">Aadress:&nbsp; Turu P\u00f5ik 4\/1, Tartu, Tartumaa<\/p>\n\n\n\n<p class=\"wp-el\">Telefon: +372 5300 1784<\/p>\n\n\n\n<p class=\"wp-el\">E-post: <a href=\"mailto:info@uus.talli24.fi\">info@uus.talli24.fi<\/a><\/p>\n","protected":false},"excerpt":{"rendered":"<p>K\u00e4esolevas privaatsuspoliitikas sisalduv teave kehtib f\u00fc\u00fcsilise isiku isikuandmete kohta, kuid mitte \u00e4ri\u00fchingute v\u00f5i muude juriidiliste isikute v\u00f5i asutuste andmetele. Teave&#8230;<\/p>\n","protected":false},"author":1,"featured_media":0,"parent":0,"menu_order":0,"comment_status":"closed","ping_status":"closed","template":"","meta":{"_acf_changed":false,"inline_featured_image":false,"footnotes":""},"class_list":["post-902","page","type-page","status-publish","hentry"],"acf":[],"_links":{"self":[{"href":"https:\/\/talli24.fi\/et\/wp-json\/wp\/v2\/pages\/902","targetHints":{"allow":["GET"]}}],"collection":[{"href":"https:\/\/talli24.fi\/et\/wp-json\/wp\/v2\/pages"}],"about":[{"href":"https:\/\/talli24.fi\/et\/wp-json\/wp\/v2\/types\/page"}],"author":[{"embeddable":true,"href":"https:\/\/talli24.fi\/et\/wp-json\/wp\/v2\/users\/1"}],"replies":[{"embeddable":true,"href":"https:\/\/talli24.fi\/et\/wp-json\/wp\/v2\/comments?post=902"}],"version-history":[{"count":3,"href":"https:\/\/talli24.fi\/et\/wp-json\/wp\/v2\/pages\/902\/revisions"}],"predecessor-version":[{"id":1977,"href":"https:\/\/talli24.fi\/et\/wp-json\/wp\/v2\/pages\/902\/revisions\/1977"}],"wp:attachment":[{"href":"https:\/\/talli24.fi\/et\/wp-json\/wp\/v2\/media?parent=902"}],"curies":[{"name":"wp","href":"https:\/\/api.w.org\/{rel}","templated":true}]}}