{"id":905,"date":"2022-04-27T09:28:11","date_gmt":"2022-04-27T09:28:11","guid":{"rendered":"https:\/\/uus.talli24.fi\/?page_id=905"},"modified":"2022-06-21T09:04:46","modified_gmt":"2022-06-21T06:04:46","slug":"tootegarantii","status":"publish","type":"page","link":"https:\/\/talli24.fi\/et\/tootegarantii\/","title":{"rendered":"Tootegarantii"},"content":{"rendered":"\n<p class=\"wp-el\">Teie garaa<strong>\u017e<\/strong> (edaspidi: Toode) konstruktsioon\u00fchendustele kehtib 2 aastane garantii, maja osadele kehtib 2-aastane garantii. T\u00e4psemad garantiitingimused on kirjeldatud allpool. Toote parandamine v\u00f5i asendamine garantiit\u00e4htajal ei too kaasa garantiit\u00e4htaja pikenemist ega uue kestvusega garantii andmist. Toote garantiit\u00e4htaja jooksul asendatud v\u00f5i parandatud osade garantii l\u00f5ppeb koos toote kui terviku garantiit\u00e4htaja m\u00f6\u00f6dumisega.<\/p>\n\n\n\n<ol class=\"wp-el wp-block-list\"><li><strong>Garantii \u00fcldtingimused<\/strong>:<ul><li>Toode peab olema ostetud Tootjalt v\u00f5i Tootja ametlikult edasim\u00fc\u00fcjalt (edaspidi: M\u00fc\u00fcja) ja toote l\u00f5pptarbija (edaspidi: Ostja) peab olema garantiijuhtumi ilmnemise hetkeks tasunud toote eest esitatud arved<\/li><li>Ostja peab veenduma, et toode on valitud eesm\u00e4rgip\u00e4raselt ja on sobiv paigaldamiseks plaanitud kohta.<\/li><li>Garantiiperiood algab toote \u00fcleandmisest Ostjale peale saatedokumentide v\u00f5i vastuv\u00f5tuakti allkirjastamist. Garantii kehtivuse eelduseks on p\u00fcstitusjuhendi t\u00e4pne j\u00e4rgimine. Tootele v\u00f5i selle osadele tehtud muudatused peavad olema koosk\u00f5lastatud eelnevalt M\u00fc\u00fcjaga.<\/li><li>Garantiijuhtumina k\u00e4sitletakse v\u00f5imalikke toote konstruktsioonivigu, komponentide defektsust ja\/v\u00f5i puudumist, mille lugemine garantiijuhtumiks ei ole v\u00e4listatud punktis 2.<\/li><li>Garantiiaja jooksul ilmnevast toote puudusest tuleb M\u00fc\u00fcjat teavitada koheselt, kuid mitte hiljem kui viie t\u00f6\u00f6p\u00e4eva jooksul alates puuduse avastamisest. Kaebuse esitamise aluseks on foto(d), puuduse kirjeldus, lepingu ja \u00fcleandmisdokumendi number.<\/li><li>Garantiivastutus h\u00f5lmab \u00fcksnes garantii korras v\u00e4lja vahetamisele kuuluvat defektset detaili. Ostja ja M\u00fc\u00fcja lepivad kokku l\u00e4hima v\u00f5imaliku tarneaja ja asukoha. Garantiivastutus ei h\u00f5lma transpordi-, p\u00fcstitus-, aja- ega sidekulusid, mis on tekkinud defekti v\u00e4ljaselgitamise ning p\u00fcstitusega. M\u00fc\u00fcja ei vastuta Ostja ega kolmandate isikute ees toote puudusest tekkivate mistahes k\u00f5rval- v\u00f5i t\u00e4iendavate kahjude eest.<\/li><\/ul><\/li><\/ol>\n\n\n\n<p class=\"wp-el\">1.7. &nbsp; M\u00fc\u00fcja j\u00e4tab endale \u00f5iguse kahtluse korral juhtumit menetleda kauem kui 14 t\u00f6\u00f6p\u00e4eva kaasates selleks omal valikul eksperte, selgitamaks v\u00e4lja:<\/p>\n\n\n\n<ul class=\"wp-el wp-block-list\"><li>kas toode on paigaldatud etteantud juhendi j\u00e4rgi;<\/li><li>kas esinevad garantiikohustust v\u00e4listavad asjaolud, mis on kirjeldatud punktis 2.<\/li><\/ul>\n\n\n\n<p class=\"wp-el\">1.8. &nbsp; M\u00fc\u00fcjal on \u00f5igus n\u00f5uda Ostjalt tagasi p\u00f5hjendamata reklamatsiooni k\u00e4sitlemise eest tehtud kulutusi.<\/p>\n\n\n\n<p class=\"wp-el\">1.9.&nbsp; Garantii kehtib ainult M\u00fc\u00fcja poolt toodetud v\u00f5i paigaldatud toodetele ning selle detailidele.<\/p>\n\n\n\n<ol start=\"2\" class=\"wp-el wp-block-list\"><li><strong>Garantii ei laiene:<\/strong><\/li><\/ol>\n\n\n\n<p class=\"wp-el\">2.1. &nbsp; Kui p\u00fcstitust ja\/v\u00f5i transporti ei ole teostanud M\u00fc\u00fcja, siis toote vale ladustamise t\u00f5ttu tekkinud kahjustustele peale Ostjale toote \u00fcleandmist (ladustamine ilmastikum\u00f5judele avatuna, kontaktis maapinnaga jne) v\u00f5i transpordil ja p\u00fcstitusel tekkinud kahjustustele. Transpordil tekkinud kahjustused (juhul, kui toote \u00fcleandmine toimub ostja elu- v\u00f5i asukohas), mis on v\u00f5imalik tuvastada enne kauba vastuv\u00f5tmist (enne autolt maha laadimist), tuleb fikseerida fotoga ja see edastada M\u00fc\u00fcjale.<\/p>\n\n\n\n<p class=\"wp-el\">2.2&nbsp;&nbsp; Toote uksed ja aknad on liikuvad osad, mis vajavad aeg-ajalt reguleerimist. Reguleerimine ei kuulu garantii alla.<\/p>\n\n\n\n<p class=\"wp-el\">2.3. Kui Teie majale on paigaldatus tugipostid katuse, terassi, varikatuse jne, alla, kastutades sealjuures langetuspolte, siis poltide hilisem +\/- reguleerimine ei kuulu garantii alla<\/p>\n\n\n\n<p class=\"wp-el\">2.4.&nbsp; Puudulikust ventilatsioonist v\u00f5i muust halva sisekliimaga seotud tegurist p\u00f5hjustatud probleemid.<\/p>\n\n\n\n<p class=\"wp-el\">2.5.&nbsp; Garantiijuhtumist tingitud t\u00e4iendavale kahjustusele juhul, kui t\u00e4iendav kahjustus oleks olnud ostja poolt t\u00e4ielikult v\u00f5i olulisel m\u00e4\u00e4ral v\u00e4lditav<\/p>\n\n\n\n<p class=\"wp-el\">2.6. &nbsp; Toote loomulikust kulumisest tekkinud kahjustustele (n\u00e4iteks v\u00e4rvi v\u00f5i l\u00e4vepaku kulumine).<\/p>\n\n\n\n<p class=\"wp-el\">2.7. &nbsp; Klaaspaketile\/klaasile, mis on Ostja poolt mehhaaniliselt vigastatud, l\u00f5hutud v\u00f5i termiliselt purunenud (klaasi termiline purunemine v\u00f5ib tekkida, kui klaasi temperatuuri erinevus klaasi v\u00f5i klaaspaketi kesk- ja varjatud \u00e4\u00e4reala vahel \u00fcletab kriitilise&nbsp;piiri).<\/p>\n\n\n\n<p class=\"wp-el\">2.8. &nbsp; P\u00f5hjustele, mis on seotud normaalsete f\u00fc\u00fcsikaliste n\u00e4htustega (n\u00e4iteks akendele kondensaadi teke).<\/p>\n\n\n\n<p class=\"wp-el\">2.9.&nbsp; Uste ja akende kaardumised, mis j\u00e4\u00e4vad tootja poolsete tolerantside piiridesse.<\/p>\n\n\n\n<p class=\"wp-el\">2.9. &nbsp; Toote kahjustustele etten\u00e4gematutel asjaoludel (n\u00e4iteks vandalism, \u00fcleujutused, \u00e4ikse-v\u00f5i keeristorm).<\/p>\n\n\n\n<p class=\"wp-el\">2.10.&nbsp;&nbsp;&nbsp;&nbsp;&nbsp;&nbsp; Toote fassaad on krunditud ja v\u00e4rvitud \u00fcks kord, seet\u00f5ttu on oluline, et v\u00e4rvite kogu toote \u00fchekordselt \u00fcle hilemalt 24 kuu jooksul. V\u00e4rvkatte seisukorda tuleks kontrollida v\u00e4hemalt kord aastas ja vajadusel korrata viimistlust<\/p>\n\n\n\n<p class=\"wp-el\"><strong>Ostja kaotab \u00f5iguse tootegarantiile, kui:<\/strong><\/p>\n\n\n\n<ul class=\"wp-el wp-block-list\"><li>Ostja ei ole kontrollinud toote ja selle detailide kogust, komplektsust ning kvaliteeti selle k\u00e4ttesaamisel m\u00f5istliku aja jooksul, peale toote vastuv\u00f5tmist ja kindlasti enne p\u00fcstitusega alustamist.<\/li><li>Vigased detailid v\u00f5i m\u0101ja osad on juba paigaldatud v\u00f5i v\u00e4rvitud, kuid tootel esinev puudus oleks olnud kontrolli k\u00e4igus avastatav. Esinenud puudus tuleb fikseerida vastavalt punktis 1.5 kirjeldatule.<\/li><li>Ostja on esitanud M\u00fc\u00fcjale toote v\u00f5i garantiijuhtumiga seonduvalt valed v\u00f5i ebapiisavad andmed v\u00f5i puuduvad ostu t\u00f5endavad dokumendid.<\/li><\/ul>\n","protected":false},"excerpt":{"rendered":"<p>Teie garaa\u017e (edaspidi: Toode) konstruktsioon\u00fchendustele kehtib 2 aastane garantii, maja osadele kehtib 2-aastane garantii. T\u00e4psemad garantiitingimused on kirjeldatud allpool. Toote&#8230;<\/p>\n","protected":false},"author":1,"featured_media":0,"parent":0,"menu_order":0,"comment_status":"closed","ping_status":"closed","template":"","meta":{"_acf_changed":false,"inline_featured_image":false,"footnotes":""},"class_list":["post-905","page","type-page","status-publish","hentry"],"acf":[],"_links":{"self":[{"href":"https:\/\/talli24.fi\/et\/wp-json\/wp\/v2\/pages\/905","targetHints":{"allow":["GET"]}}],"collection":[{"href":"https:\/\/talli24.fi\/et\/wp-json\/wp\/v2\/pages"}],"about":[{"href":"https:\/\/talli24.fi\/et\/wp-json\/wp\/v2\/types\/page"}],"author":[{"embeddable":true,"href":"https:\/\/talli24.fi\/et\/wp-json\/wp\/v2\/users\/1"}],"replies":[{"embeddable":true,"href":"https:\/\/talli24.fi\/et\/wp-json\/wp\/v2\/comments?post=905"}],"version-history":[{"count":1,"href":"https:\/\/talli24.fi\/et\/wp-json\/wp\/v2\/pages\/905\/revisions"}],"predecessor-version":[{"id":1095,"href":"https:\/\/talli24.fi\/et\/wp-json\/wp\/v2\/pages\/905\/revisions\/1095"}],"wp:attachment":[{"href":"https:\/\/talli24.fi\/et\/wp-json\/wp\/v2\/media?parent=905"}],"curies":[{"name":"wp","href":"https:\/\/api.w.org\/{rel}","templated":true}]}}